{"id":81,"date":"2018-10-10T10:46:47","date_gmt":"2018-10-10T10:46:47","guid":{"rendered":"https:\/\/websitedemos.net\/yoga-center-02\/?page_id=81"},"modified":"2023-05-14T08:42:38","modified_gmt":"2023-05-14T12:42:38","slug":"wellness","status":"publish","type":"page","link":"https:\/\/nacanyogaandwellness.com\/es\/wellness\/","title":{"rendered":"BIENESTAR"},"content":{"rendered":"<div data-elementor-type=\"wp-post\" data-elementor-id=\"81\" class=\"elementor elementor-81\" data-elementor-post-type=\"page\">\n\t\t\t\t\t\t<section class=\"elementor-section elementor-top-section elementor-element elementor-element-5976dac3 elementor-section-height-min-height elementor-section-boxed elementor-section-height-default elementor-section-items-middle\" data-id=\"5976dac3\" data-element_type=\"section\" data-e-type=\"section\" data-settings=\"{&quot;background_background&quot;:&quot;classic&quot;,&quot;shape_divider_bottom&quot;:&quot;tilt&quot;}\">\n\t\t\t\t\t\t\t<div class=\"elementor-background-overlay\"><\/div>\n\t\t\t\t\t\t<div class=\"elementor-shape elementor-shape-bottom\" aria-hidden=\"true\" data-negative=\"false\">\n\t\t\t<svg xmlns=\"http:\/\/www.w3.org\/2000\/svg\" viewbox=\"0 0 1000 100\" preserveaspectratio=\"none\">\n\t<path class=\"elementor-shape-fill\" d=\"M0,6V0h1000v100L0,6z\"\/>\n<\/svg>\t\t<\/div>\n\t\t\t\t\t<div class=\"elementor-container elementor-column-gap-default\">\n\t\t\t\t\t<div class=\"elementor-column elementor-col-100 elementor-top-column elementor-element elementor-element-5c262862\" data-id=\"5c262862\" data-element_type=\"column\" data-e-type=\"column\">\n\t\t\t<div class=\"elementor-widget-wrap elementor-element-populated\">\n\t\t\t\t\t\t<div class=\"elementor-element elementor-element-24c1a49a elementor-invisible elementor-widget elementor-widget-heading\" data-id=\"24c1a49a\" data-element_type=\"widget\" data-e-type=\"widget\" data-settings=\"{&quot;_animation&quot;:&quot;fadeInUp&quot;}\" data-widget_type=\"heading.default\">\n\t\t\t\t<div class=\"elementor-widget-container\">\n\t\t\t\t\t<h1 class=\"elementor-heading-title elementor-size-default\">bienestar<\/h1>\t\t\t\t<\/div>\n\t\t\t\t<\/div>\n\t\t\t\t\t<\/div>\n\t\t<\/div>\n\t\t\t\t\t<\/div>\n\t\t<\/section>\n\t\t\t\t<section class=\"elementor-section elementor-top-section elementor-element elementor-element-cde5852 elementor-section-boxed elementor-section-height-default elementor-section-height-default\" data-id=\"cde5852\" data-element_type=\"section\" data-e-type=\"section\">\n\t\t\t\t\t\t<div class=\"elementor-container elementor-column-gap-default\">\n\t\t\t\t\t<div class=\"elementor-column elementor-col-100 elementor-top-column elementor-element elementor-element-6ca2149\" data-id=\"6ca2149\" data-element_type=\"column\" data-e-type=\"column\">\n\t\t\t<div class=\"elementor-widget-wrap elementor-element-populated\">\n\t\t\t\t\t\t<div class=\"elementor-element elementor-element-231a150 elementor-widget elementor-widget-heading\" data-id=\"231a150\" data-element_type=\"widget\" data-e-type=\"widget\" data-widget_type=\"heading.default\">\n\t\t\t\t<div class=\"elementor-widget-container\">\n\t\t\t\t\t<h2 class=\"elementor-heading-title elementor-size-default\">\u00bfEst\u00e1s buscando formas alternativas para estar m\u00e1s en sinton\u00eda con tu cuerpo?<\/h2>\t\t\t\t<\/div>\n\t\t\t\t<\/div>\n\t\t\t\t\t<\/div>\n\t\t<\/div>\n\t\t\t\t\t<\/div>\n\t\t<\/section>\n\t\t\t\t<section class=\"elementor-section elementor-top-section elementor-element elementor-element-798786f elementor-section-content-middle elementor-section-boxed elementor-section-height-default elementor-section-height-default\" data-id=\"798786f\" data-element_type=\"section\" data-e-type=\"section\" data-settings=\"{&quot;background_background&quot;:&quot;classic&quot;}\">\n\t\t\t\t\t\t<div class=\"elementor-container elementor-column-gap-default\">\n\t\t\t\t\t<div class=\"elementor-column elementor-col-33 elementor-top-column elementor-element elementor-element-19df9cb\" data-id=\"19df9cb\" data-element_type=\"column\" data-e-type=\"column\">\n\t\t\t<div class=\"elementor-widget-wrap elementor-element-populated\">\n\t\t\t\t\t\t<section class=\"elementor-section elementor-inner-section elementor-element elementor-element-45e6d69 elementor-section-content-middle elementor-reverse-tablet elementor-reverse-mobile elementor-section-boxed elementor-section-height-default elementor-section-height-default\" data-id=\"45e6d69\" data-element_type=\"section\" data-e-type=\"section\">\n\t\t\t\t\t\t<div class=\"elementor-container elementor-column-gap-default\">\n\t\t\t\t\t<div class=\"elementor-column elementor-col-50 elementor-inner-column elementor-element elementor-element-1abe53e\" data-id=\"1abe53e\" data-element_type=\"column\" data-e-type=\"column\" data-settings=\"{&quot;background_background&quot;:&quot;classic&quot;}\">\n\t\t\t<div class=\"elementor-widget-wrap elementor-element-populated\">\n\t\t\t\t\t\t<div class=\"elementor-element elementor-element-d3933b2 elementor-widget elementor-widget-heading\" data-id=\"d3933b2\" data-element_type=\"widget\" data-e-type=\"widget\" data-widget_type=\"heading.default\">\n\t\t\t\t<div class=\"elementor-widget-container\">\n\t\t\t\t\t<h6 class=\"elementor-heading-title elementor-size-default\">Reiki<\/h6>\t\t\t\t<\/div>\n\t\t\t\t<\/div>\n\t\t\t\t<div class=\"elementor-element elementor-element-9283ba3 elementor-widget elementor-widget-heading\" data-id=\"9283ba3\" data-element_type=\"widget\" data-e-type=\"widget\" data-widget_type=\"heading.default\">\n\t\t\t\t<div class=\"elementor-widget-container\">\n\t\t\t\t\t<h5 class=\"elementor-heading-title elementor-size-default\">trabajo energ\u00e9tico<\/h5>\t\t\t\t<\/div>\n\t\t\t\t<\/div>\n\t\t\t\t<div class=\"elementor-element elementor-element-508831a elementor-tablet-align-left elementor-mobile-align-center elementor-widget elementor-widget-button\" data-id=\"508831a\" data-element_type=\"widget\" data-e-type=\"widget\" data-widget_type=\"button.default\">\n\t\t\t\t<div class=\"elementor-widget-container\">\n\t\t\t\t\t\t\t\t\t<div class=\"elementor-button-wrapper\">\n\t\t\t\t\t<a class=\"elementor-button elementor-button-link elementor-size-sm elementor-animation-float\" href=\"https:\/\/nacanyogaandwellness.com\/es\/reiki\/\">\n\t\t\t\t\t\t<span class=\"elementor-button-content-wrapper\">\n\t\t\t\t\t\t<span class=\"elementor-button-icon\">\n\t\t\t\t\t\t\t<\/span>\n\t\t\t\t\t\t\t\t\t<span class=\"elementor-button-text\">Leer<\/span>\n\t\t\t\t\t<\/span>\n\t\t\t\t\t<\/a>\n\t\t\t\t<\/div>\n\t\t\t\t\t\t\t\t<\/div>\n\t\t\t\t<\/div>\n\t\t\t\t\t<\/div>\n\t\t<\/div>\n\t\t\t\t<div class=\"elementor-column elementor-col-50 elementor-inner-column elementor-element elementor-element-c978669\" data-id=\"c978669\" data-element_type=\"column\" data-e-type=\"column\" data-settings=\"{&quot;background_background&quot;:&quot;classic&quot;}\">\n\t\t\t<div class=\"elementor-widget-wrap elementor-element-populated\">\n\t\t\t\t\t\t<div class=\"elementor-element elementor-element-5c74404 elementor-widget elementor-widget-spacer\" data-id=\"5c74404\" data-element_type=\"widget\" data-e-type=\"widget\" data-widget_type=\"spacer.default\">\n\t\t\t\t<div class=\"elementor-widget-container\">\n\t\t\t\t\t\t\t<div class=\"elementor-spacer\">\n\t\t\t<div class=\"elementor-spacer-inner\"><\/div>\n\t\t<\/div>\n\t\t\t\t\t\t<\/div>\n\t\t\t\t<\/div>\n\t\t\t\t\t<\/div>\n\t\t<\/div>\n\t\t\t\t\t<\/div>\n\t\t<\/section>\n\t\t\t\t\t<\/div>\n\t\t<\/div>\n\t\t\t\t<div class=\"elementor-column elementor-col-33 elementor-top-column elementor-element elementor-element-33acd8a\" data-id=\"33acd8a\" data-element_type=\"column\" data-e-type=\"column\">\n\t\t\t<div class=\"elementor-widget-wrap elementor-element-populated\">\n\t\t\t\t\t\t<section class=\"elementor-section elementor-inner-section elementor-element elementor-element-7152983 elementor-section-content-middle elementor-reverse-tablet elementor-reverse-mobile elementor-section-boxed elementor-section-height-default elementor-section-height-default\" data-id=\"7152983\" data-element_type=\"section\" data-e-type=\"section\">\n\t\t\t\t\t\t<div class=\"elementor-container elementor-column-gap-default\">\n\t\t\t\t\t<div class=\"elementor-column elementor-col-50 elementor-inner-column elementor-element elementor-element-37e4d5c\" data-id=\"37e4d5c\" data-element_type=\"column\" data-e-type=\"column\" data-settings=\"{&quot;background_background&quot;:&quot;classic&quot;}\">\n\t\t\t<div class=\"elementor-widget-wrap elementor-element-populated\">\n\t\t\t\t\t\t<div class=\"elementor-element elementor-element-558e5b2 elementor-widget elementor-widget-heading\" data-id=\"558e5b2\" data-element_type=\"widget\" data-e-type=\"widget\" data-widget_type=\"heading.default\">\n\t\t\t\t<div class=\"elementor-widget-container\">\n\t\t\t\t\t<h6 class=\"elementor-heading-title elementor-size-default\">Nutricion<\/h6>\t\t\t\t<\/div>\n\t\t\t\t<\/div>\n\t\t\t\t<div class=\"elementor-element elementor-element-4995cfe elementor-widget elementor-widget-heading\" data-id=\"4995cfe\" data-element_type=\"widget\" data-e-type=\"widget\" data-widget_type=\"heading.default\">\n\t\t\t\t<div class=\"elementor-widget-container\">\n\t\t\t\t\t<h5 class=\"elementor-heading-title elementor-size-default\">Alimentaci\u00f3n sana y cambios en el estilo de vida<\/h5>\t\t\t\t<\/div>\n\t\t\t\t<\/div>\n\t\t\t\t<div class=\"elementor-element elementor-element-e926bf7 elementor-tablet-align-left elementor-mobile-align-center elementor-widget elementor-widget-button\" data-id=\"e926bf7\" data-element_type=\"widget\" data-e-type=\"widget\" data-widget_type=\"button.default\">\n\t\t\t\t<div class=\"elementor-widget-container\">\n\t\t\t\t\t\t\t\t\t<div class=\"elementor-button-wrapper\">\n\t\t\t\t\t<a class=\"elementor-button elementor-button-link elementor-size-sm elementor-animation-float\" href=\"https:\/\/nacanyogaandwellness.com\/es\/nutrition\/\">\n\t\t\t\t\t\t<span class=\"elementor-button-content-wrapper\">\n\t\t\t\t\t\t<span class=\"elementor-button-icon\">\n\t\t\t\t\t\t\t<\/span>\n\t\t\t\t\t\t\t\t\t<span class=\"elementor-button-text\">Leer<\/span>\n\t\t\t\t\t<\/span>\n\t\t\t\t\t<\/a>\n\t\t\t\t<\/div>\n\t\t\t\t\t\t\t\t<\/div>\n\t\t\t\t<\/div>\n\t\t\t\t\t<\/div>\n\t\t<\/div>\n\t\t\t\t<div class=\"elementor-column elementor-col-50 elementor-inner-column elementor-element elementor-element-f9535a6\" data-id=\"f9535a6\" data-element_type=\"column\" data-e-type=\"column\" data-settings=\"{&quot;background_background&quot;:&quot;classic&quot;}\">\n\t\t\t<div class=\"elementor-widget-wrap elementor-element-populated\">\n\t\t\t\t\t\t<div class=\"elementor-element elementor-element-0723f7e elementor-widget elementor-widget-spacer\" data-id=\"0723f7e\" data-element_type=\"widget\" data-e-type=\"widget\" data-widget_type=\"spacer.default\">\n\t\t\t\t<div class=\"elementor-widget-container\">\n\t\t\t\t\t\t\t<div class=\"elementor-spacer\">\n\t\t\t<div class=\"elementor-spacer-inner\"><\/div>\n\t\t<\/div>\n\t\t\t\t\t\t<\/div>\n\t\t\t\t<\/div>\n\t\t\t\t\t<\/div>\n\t\t<\/div>\n\t\t\t\t\t<\/div>\n\t\t<\/section>\n\t\t\t\t\t<\/div>\n\t\t<\/div>\n\t\t\t\t<div class=\"elementor-column elementor-col-33 elementor-top-column elementor-element elementor-element-b8acb41\" data-id=\"b8acb41\" data-element_type=\"column\" data-e-type=\"column\">\n\t\t\t<div class=\"elementor-widget-wrap elementor-element-populated\">\n\t\t\t\t\t\t<section class=\"elementor-section elementor-inner-section elementor-element elementor-element-5947b41 elementor-section-content-middle elementor-reverse-tablet elementor-reverse-mobile elementor-section-boxed elementor-section-height-default elementor-section-height-default\" data-id=\"5947b41\" data-element_type=\"section\" data-e-type=\"section\">\n\t\t\t\t\t\t<div class=\"elementor-container elementor-column-gap-default\">\n\t\t\t\t\t<div class=\"elementor-column elementor-col-50 elementor-inner-column elementor-element elementor-element-5ace933\" data-id=\"5ace933\" data-element_type=\"column\" data-e-type=\"column\" data-settings=\"{&quot;background_background&quot;:&quot;classic&quot;}\">\n\t\t\t<div class=\"elementor-widget-wrap elementor-element-populated\">\n\t\t\t\t\t\t<div class=\"elementor-element elementor-element-7542b2e elementor-widget elementor-widget-heading\" data-id=\"7542b2e\" data-element_type=\"widget\" data-e-type=\"widget\" data-widget_type=\"heading.default\">\n\t\t\t\t<div class=\"elementor-widget-container\">\n\t\t\t\t\t<h6 class=\"elementor-heading-title elementor-size-default\">Aceites Esenciales<\/h6>\t\t\t\t<\/div>\n\t\t\t\t<\/div>\n\t\t\t\t<div class=\"elementor-element elementor-element-7cce0ca elementor-widget elementor-widget-heading\" data-id=\"7cce0ca\" data-element_type=\"widget\" data-e-type=\"widget\" data-widget_type=\"heading.default\">\n\t\t\t\t<div class=\"elementor-widget-container\">\n\t\t\t\t\t<h5 class=\"elementor-heading-title elementor-size-default\">Aromaterapia\n<\/br>\n<\/h5>\t\t\t\t<\/div>\n\t\t\t\t<\/div>\n\t\t\t\t<div class=\"elementor-element elementor-element-99fdf12 elementor-tablet-align-left elementor-mobile-align-center elementor-widget elementor-widget-button\" data-id=\"99fdf12\" data-element_type=\"widget\" data-e-type=\"widget\" data-widget_type=\"button.default\">\n\t\t\t\t<div class=\"elementor-widget-container\">\n\t\t\t\t\t\t\t\t\t<div class=\"elementor-button-wrapper\">\n\t\t\t\t\t<a class=\"elementor-button elementor-button-link elementor-size-sm elementor-animation-float\" href=\"https:\/\/nacanyogaandwellness.com\/es\/essential-oils\/\">\n\t\t\t\t\t\t<span class=\"elementor-button-content-wrapper\">\n\t\t\t\t\t\t<span class=\"elementor-button-icon\">\n\t\t\t\t\t\t\t<\/span>\n\t\t\t\t\t\t\t\t\t<span class=\"elementor-button-text\">Leer<\/span>\n\t\t\t\t\t<\/span>\n\t\t\t\t\t<\/a>\n\t\t\t\t<\/div>\n\t\t\t\t\t\t\t\t<\/div>\n\t\t\t\t<\/div>\n\t\t\t\t\t<\/div>\n\t\t<\/div>\n\t\t\t\t<div class=\"elementor-column elementor-col-50 elementor-inner-column elementor-element elementor-element-df6dce7\" data-id=\"df6dce7\" data-element_type=\"column\" data-e-type=\"column\" data-settings=\"{&quot;background_background&quot;:&quot;classic&quot;}\">\n\t\t\t<div class=\"elementor-widget-wrap elementor-element-populated\">\n\t\t\t\t\t\t<div class=\"elementor-element elementor-element-ba8ee5f elementor-widget elementor-widget-spacer\" data-id=\"ba8ee5f\" data-element_type=\"widget\" data-e-type=\"widget\" data-widget_type=\"spacer.default\">\n\t\t\t\t<div class=\"elementor-widget-container\">\n\t\t\t\t\t\t\t<div class=\"elementor-spacer\">\n\t\t\t<div class=\"elementor-spacer-inner\"><\/div>\n\t\t<\/div>\n\t\t\t\t\t\t<\/div>\n\t\t\t\t<\/div>\n\t\t\t\t\t<\/div>\n\t\t<\/div>\n\t\t\t\t\t<\/div>\n\t\t<\/section>\n\t\t\t\t\t<\/div>\n\t\t<\/div>\n\t\t\t\t\t<\/div>\n\t\t<\/section>\n\t\t\t\t<\/div>","protected":false},"excerpt":{"rendered":"<p>wellness Are you looking for alternative ways to become more in-tune with your body? Reiki energy work Read Nutrition Healthy eating and lifestyle changes Read Essential Oils Aromatherapy Read<\/p>","protected":false},"author":1,"featured_media":0,"parent":0,"menu_order":0,"comment_status":"closed","ping_status":"closed","template":"","meta":{"_uag_custom_page_level_css":"","site-sidebar-layout":"no-sidebar","site-content-layout":"page-builder","ast-site-content-layout":"default","site-content-style":"default","site-sidebar-style":"default","ast-global-header-display":"","ast-banner-title-visibility":"","ast-main-header-display":"","ast-hfb-above-header-display":"","ast-hfb-below-header-display":"","ast-hfb-mobile-header-display":"","site-post-title":"disabled","ast-breadcrumbs-content":"","ast-featured-img":"disabled","footer-sml-layout":"","ast-disable-related-posts":"","theme-transparent-header-meta":"default","adv-header-id-meta":"","stick-header-meta":"","header-above-stick-meta":"","header-main-stick-meta":"","header-below-stick-meta":"","astra-migrate-meta-layouts":"default","ast-page-background-enabled":"default","ast-page-background-meta":{"desktop":{"background-color":"","background-image":"","background-repeat":"repeat","background-position":"center center","background-size":"auto","background-attachment":"scroll","background-type":"","background-media":"","overlay-type":"","overlay-color":"","overlay-opacity":"","overlay-gradient":""},"tablet":{"background-color":"","background-image":"","background-repeat":"repeat","background-position":"center center","background-size":"auto","background-attachment":"scroll","background-type":"","background-media":"","overlay-type":"","overlay-color":"","overlay-opacity":"","overlay-gradient":""},"mobile":{"background-color":"","background-image":"","background-repeat":"repeat","background-position":"center center","background-size":"auto","background-attachment":"scroll","background-type":"","background-media":"","overlay-type":"","overlay-color":"","overlay-opacity":"","overlay-gradient":""}},"ast-content-background-meta":{"desktop":{"background-color":"var(--ast-global-color-5)","background-image":"","background-repeat":"repeat","background-position":"center center","background-size":"auto","background-attachment":"scroll","background-type":"","background-media":"","overlay-type":"","overlay-color":"","overlay-opacity":"","overlay-gradient":""},"tablet":{"background-color":"var(--ast-global-color-5)","background-image":"","background-repeat":"repeat","background-position":"center center","background-size":"auto","background-attachment":"scroll","background-type":"","background-media":"","overlay-type":"","overlay-color":"","overlay-opacity":"","overlay-gradient":""},"mobile":{"background-color":"var(--ast-global-color-5)","background-image":"","background-repeat":"repeat","background-position":"center center","background-size":"auto","background-attachment":"scroll","background-type":"","background-media":"","overlay-type":"","overlay-color":"","overlay-opacity":"","overlay-gradient":""}},"footnotes":""},"class_list":["post-81","page","type-page","status-publish","hentry"],"yoast_head":"<!-- This site is optimized with the Yoast SEO plugin v27.2 - https:\/\/yoast.com\/product\/yoast-seo-wordpress\/ -->\n<title>Holistic Wellness Center | nac\u00e1n Yoga + Wellness<\/title>\n<meta name=\"description\" content=\"Experience a holistic wellness center at nac\u00e1n Yoga + Wellness. Transformative practices and embrace a balanced and vibrant lifestyle.\" \/>\n<meta name=\"robots\" content=\"index, follow, max-snippet:-1, max-image-preview:large, max-video-preview:-1\" \/>\n<link rel=\"canonical\" href=\"https:\/\/nacanyogaandwellness.com\/es\/wellness\/\" \/>\n<meta property=\"og:locale\" content=\"es_ES\" \/>\n<meta property=\"og:type\" content=\"article\" \/>\n<meta property=\"og:title\" content=\"Holistic Wellness Center | nac\u00e1n Yoga + Wellness\" \/>\n<meta property=\"og:description\" content=\"Experience a holistic wellness center at nac\u00e1n Yoga + Wellness. Transformative practices and embrace a balanced and vibrant lifestyle.\" \/>\n<meta property=\"og:url\" content=\"https:\/\/nacanyogaandwellness.com\/es\/wellness\/\" \/>\n<meta property=\"og:site_name\" content=\"Yoga in Pooler | Reiki | Yoga en Espa\u00f1ol | nac\u00e1nYoga + wellness, LLC\" \/>\n<meta property=\"article:publisher\" content=\"https:\/\/www.facebook.com\/nacanyogawellness\/\" \/>\n<meta property=\"article:modified_time\" content=\"2023-05-14T12:42:38+00:00\" \/>\n<meta name=\"twitter:card\" content=\"summary_large_image\" \/>\n<meta name=\"twitter:label1\" content=\"Tiempo de lectura\" \/>\n\t<meta name=\"twitter:data1\" content=\"1 minuto\" \/>\n<script type=\"application\/ld+json\" class=\"yoast-schema-graph\">{\"@context\":\"https:\/\/schema.org\",\"@graph\":[{\"@type\":\"WebPage\",\"@id\":\"https:\/\/nacanyogaandwellness.com\/wellness\/\",\"url\":\"https:\/\/nacanyogaandwellness.com\/wellness\/\",\"name\":\"Holistic Wellness Center | nac\u00e1n Yoga + Wellness\",\"isPartOf\":{\"@id\":\"https:\/\/nacanyogaandwellness.com\/#website\"},\"datePublished\":\"2018-10-10T10:46:47+00:00\",\"dateModified\":\"2023-05-14T12:42:38+00:00\",\"description\":\"Experience a holistic wellness center at nac\u00e1n Yoga + Wellness. Transformative practices and embrace a balanced and vibrant lifestyle.\",\"breadcrumb\":{\"@id\":\"https:\/\/nacanyogaandwellness.com\/wellness\/#breadcrumb\"},\"inLanguage\":\"es\",\"potentialAction\":[{\"@type\":\"ReadAction\",\"target\":[\"https:\/\/nacanyogaandwellness.com\/wellness\/\"]}]},{\"@type\":\"BreadcrumbList\",\"@id\":\"https:\/\/nacanyogaandwellness.com\/wellness\/#breadcrumb\",\"itemListElement\":[{\"@type\":\"ListItem\",\"position\":1,\"name\":\"Home\",\"item\":\"https:\/\/nacanyogaandwellness.com\/\"},{\"@type\":\"ListItem\",\"position\":2,\"name\":\"WELLNESS\"}]},{\"@type\":\"WebSite\",\"@id\":\"https:\/\/nacanyogaandwellness.com\/#website\",\"url\":\"https:\/\/nacanyogaandwellness.com\/\",\"name\":\"Yoga in Pooler | Reiki | Yoga en Espa\u00f1ol | nac\u00e1nYoga + wellness, LLC\",\"description\":\"Start or deepen your Yoga practice, learn Mindfulness, Essential Oils, Nutrition and, how can all of these benefit and optimize your health.\",\"publisher\":{\"@id\":\"https:\/\/nacanyogaandwellness.com\/#organization\"},\"alternateName\":\"Nac\u00e1n Yoga\",\"potentialAction\":[{\"@type\":\"SearchAction\",\"target\":{\"@type\":\"EntryPoint\",\"urlTemplate\":\"https:\/\/nacanyogaandwellness.com\/?s={search_term_string}\"},\"query-input\":{\"@type\":\"PropertyValueSpecification\",\"valueRequired\":true,\"valueName\":\"search_term_string\"}}],\"inLanguage\":\"es\"},{\"@type\":\"Organization\",\"@id\":\"https:\/\/nacanyogaandwellness.com\/#organization\",\"name\":\"Nac\u00e1n Yoga & Wellness\",\"alternateName\":\"Yoga in Pooler\",\"url\":\"https:\/\/nacanyogaandwellness.com\/\",\"logo\":{\"@type\":\"ImageObject\",\"inLanguage\":\"es\",\"@id\":\"https:\/\/nacanyogaandwellness.com\/#\/schema\/logo\/image\/\",\"url\":\"https:\/\/nacanyogaandwellness.com\/wp-content\/uploads\/2019\/06\/nacan-transparent.jpg\",\"contentUrl\":\"https:\/\/nacanyogaandwellness.com\/wp-content\/uploads\/2019\/06\/nacan-transparent.jpg\",\"width\":1440,\"height\":1440,\"caption\":\"Nac\u00e1n Yoga & Wellness\"},\"image\":{\"@id\":\"https:\/\/nacanyogaandwellness.com\/#\/schema\/logo\/image\/\"},\"sameAs\":[\"https:\/\/www.facebook.com\/nacanyogawellness\/\",\"https:\/\/www.instagram.com\/nacanyogaandwellness\/\",\"https:\/\/www.pinterest.com\/berthy_martinez\/\",\"https:\/\/goo.gl\/maps\/ZtKkjFKGnuNCkrKG9\"]}]}<\/script>\n<!-- \/ Yoast SEO plugin. -->","yoast_head_json":{"title":"Holistic Wellness Center | nac\u00e1n Yoga + Wellness","description":"Experience a holistic wellness center at nac\u00e1n Yoga + Wellness. Transformative practices and embrace a balanced and vibrant lifestyle.","robots":{"index":"index","follow":"follow","max-snippet":"max-snippet:-1","max-image-preview":"max-image-preview:large","max-video-preview":"max-video-preview:-1"},"canonical":"https:\/\/nacanyogaandwellness.com\/es\/wellness\/","og_locale":"es_ES","og_type":"article","og_title":"Holistic Wellness Center | nac\u00e1n Yoga + Wellness","og_description":"Experience a holistic wellness center at nac\u00e1n Yoga + Wellness. Transformative practices and embrace a balanced and vibrant lifestyle.","og_url":"https:\/\/nacanyogaandwellness.com\/es\/wellness\/","og_site_name":"Yoga in Pooler | Reiki | Yoga en Espa\u00f1ol | nac\u00e1nYoga + wellness, LLC","article_publisher":"https:\/\/www.facebook.com\/nacanyogawellness\/","article_modified_time":"2023-05-14T12:42:38+00:00","twitter_card":"summary_large_image","twitter_misc":{"Tiempo de lectura":"1 minuto"},"schema":{"@context":"https:\/\/schema.org","@graph":[{"@type":"WebPage","@id":"https:\/\/nacanyogaandwellness.com\/wellness\/","url":"https:\/\/nacanyogaandwellness.com\/wellness\/","name":"Holistic Wellness Center | nac\u00e1n Yoga + Wellness","isPartOf":{"@id":"https:\/\/nacanyogaandwellness.com\/#website"},"datePublished":"2018-10-10T10:46:47+00:00","dateModified":"2023-05-14T12:42:38+00:00","description":"Experience a holistic wellness center at nac\u00e1n Yoga + Wellness. Transformative practices and embrace a balanced and vibrant lifestyle.","breadcrumb":{"@id":"https:\/\/nacanyogaandwellness.com\/wellness\/#breadcrumb"},"inLanguage":"es","potentialAction":[{"@type":"ReadAction","target":["https:\/\/nacanyogaandwellness.com\/wellness\/"]}]},{"@type":"BreadcrumbList","@id":"https:\/\/nacanyogaandwellness.com\/wellness\/#breadcrumb","itemListElement":[{"@type":"ListItem","position":1,"name":"Home","item":"https:\/\/nacanyogaandwellness.com\/"},{"@type":"ListItem","position":2,"name":"WELLNESS"}]},{"@type":"WebSite","@id":"https:\/\/nacanyogaandwellness.com\/#website","url":"https:\/\/nacanyogaandwellness.com\/","name":"Yoga in Pooler | Reiki | Yoga en Espa\u00f1ol | nac\u00e1nYoga + wellness, LLC","description":"Start or deepen your Yoga practice, learn Mindfulness, Essential Oils, Nutrition and, how can all of these benefit and optimize your health.","publisher":{"@id":"https:\/\/nacanyogaandwellness.com\/#organization"},"alternateName":"Nac\u00e1n Yoga","potentialAction":[{"@type":"SearchAction","target":{"@type":"EntryPoint","urlTemplate":"https:\/\/nacanyogaandwellness.com\/?s={search_term_string}"},"query-input":{"@type":"PropertyValueSpecification","valueRequired":true,"valueName":"search_term_string"}}],"inLanguage":"es"},{"@type":"Organization","@id":"https:\/\/nacanyogaandwellness.com\/#organization","name":"Nac\u00e1n Yoga & Wellness","alternateName":"Yoga in Pooler","url":"https:\/\/nacanyogaandwellness.com\/","logo":{"@type":"ImageObject","inLanguage":"es","@id":"https:\/\/nacanyogaandwellness.com\/#\/schema\/logo\/image\/","url":"https:\/\/nacanyogaandwellness.com\/wp-content\/uploads\/2019\/06\/nacan-transparent.jpg","contentUrl":"https:\/\/nacanyogaandwellness.com\/wp-content\/uploads\/2019\/06\/nacan-transparent.jpg","width":1440,"height":1440,"caption":"Nac\u00e1n Yoga & Wellness"},"image":{"@id":"https:\/\/nacanyogaandwellness.com\/#\/schema\/logo\/image\/"},"sameAs":["https:\/\/www.facebook.com\/nacanyogawellness\/","https:\/\/www.instagram.com\/nacanyogaandwellness\/","https:\/\/www.pinterest.com\/berthy_martinez\/","https:\/\/goo.gl\/maps\/ZtKkjFKGnuNCkrKG9"]}]}},"uagb_featured_image_src":{"full":false,"thumbnail":false,"medium":false,"medium_large":false,"large":false,"1536x1536":false,"2048x2048":false,"trp-custom-language-flag":false,"woocommerce_thumbnail":false,"woocommerce_single":false,"woocommerce_gallery_thumbnail":false},"uagb_author_info":{"display_name":"Berthy","author_link":"https:\/\/nacanyogaandwellness.com\/es\/author\/admin\/"},"uagb_comment_info":0,"uagb_excerpt":"wellness Are you looking for alternative ways to become more in-tune with your body? Reiki energy work Read Nutrition Healthy eating and lifestyle changes Read Essential Oils Aromatherapy Read","_links":{"self":[{"href":"https:\/\/nacanyogaandwellness.com\/es\/wp-json\/wp\/v2\/pages\/81","targetHints":{"allow":["GET"]}}],"collection":[{"href":"https:\/\/nacanyogaandwellness.com\/es\/wp-json\/wp\/v2\/pages"}],"about":[{"href":"https:\/\/nacanyogaandwellness.com\/es\/wp-json\/wp\/v2\/types\/page"}],"author":[{"embeddable":true,"href":"https:\/\/nacanyogaandwellness.com\/es\/wp-json\/wp\/v2\/users\/1"}],"replies":[{"embeddable":true,"href":"https:\/\/nacanyogaandwellness.com\/es\/wp-json\/wp\/v2\/comments?post=81"}],"version-history":[{"count":54,"href":"https:\/\/nacanyogaandwellness.com\/es\/wp-json\/wp\/v2\/pages\/81\/revisions"}],"predecessor-version":[{"id":4393,"href":"https:\/\/nacanyogaandwellness.com\/es\/wp-json\/wp\/v2\/pages\/81\/revisions\/4393"}],"wp:attachment":[{"href":"https:\/\/nacanyogaandwellness.com\/es\/wp-json\/wp\/v2\/media?parent=81"}],"curies":[{"name":"wp","href":"https:\/\/api.w.org\/{rel}","templated":true}]}}