{"id":518,"date":"2019-06-03T01:33:41","date_gmt":"2019-06-03T01:33:41","guid":{"rendered":"http:\/\/nacanyogaandwellness.com\/?page_id=518"},"modified":"2021-06-02T00:27:58","modified_gmt":"2021-06-02T00:27:58","slug":"contact","status":"publish","type":"page","link":"https:\/\/nacanyogaandwellness.com\/es\/contact\/","title":{"rendered":"CONTACTO"},"content":{"rendered":"<div data-elementor-type=\"wp-page\" data-elementor-id=\"518\" class=\"elementor elementor-518\" data-elementor-post-type=\"page\">\n\t\t\t\t\t\t<section class=\"elementor-section elementor-top-section elementor-element elementor-element-7c0ef1b7 elementor-section-height-min-height elementor-section-boxed elementor-section-height-default elementor-section-items-middle\" data-id=\"7c0ef1b7\" data-element_type=\"section\" data-e-type=\"section\" data-settings=\"{&quot;background_background&quot;:&quot;classic&quot;,&quot;shape_divider_bottom&quot;:&quot;tilt&quot;}\">\n\t\t\t\t\t\t\t<div class=\"elementor-background-overlay\"><\/div>\n\t\t\t\t\t\t<div class=\"elementor-shape elementor-shape-bottom\" aria-hidden=\"true\" data-negative=\"false\">\n\t\t\t<svg xmlns=\"http:\/\/www.w3.org\/2000\/svg\" viewbox=\"0 0 1000 100\" preserveaspectratio=\"none\">\n\t<path class=\"elementor-shape-fill\" d=\"M0,6V0h1000v100L0,6z\"\/>\n<\/svg>\t\t<\/div>\n\t\t\t\t\t<div class=\"elementor-container elementor-column-gap-default\">\n\t\t\t\t\t<div class=\"elementor-column elementor-col-100 elementor-top-column elementor-element elementor-element-433a1604\" data-id=\"433a1604\" data-element_type=\"column\" data-e-type=\"column\">\n\t\t\t<div class=\"elementor-widget-wrap elementor-element-populated\">\n\t\t\t\t\t\t<div class=\"elementor-element elementor-element-678bd26c elementor-invisible elementor-widget elementor-widget-heading\" data-id=\"678bd26c\" data-element_type=\"widget\" data-e-type=\"widget\" data-settings=\"{&quot;_animation&quot;:&quot;fadeInDown&quot;}\" data-widget_type=\"heading.default\">\n\t\t\t\t<div class=\"elementor-widget-container\">\n\t\t\t\t\t<h1 class=\"elementor-heading-title elementor-size-default\">Contacto<\/h1>\t\t\t\t<\/div>\n\t\t\t\t<\/div>\n\t\t\t\t\t<\/div>\n\t\t<\/div>\n\t\t\t\t\t<\/div>\n\t\t<\/section>\n\t\t\t\t<section class=\"elementor-section elementor-top-section elementor-element elementor-element-6b49b5 elementor-section-full_width elementor-section-height-min-height elementor-section-items-stretch elementor-section-height-default\" data-id=\"6b49b5\" data-element_type=\"section\" data-e-type=\"section\" data-settings=\"{&quot;background_background&quot;:&quot;classic&quot;}\">\n\t\t\t\t\t\t\t<div class=\"elementor-background-overlay\"><\/div>\n\t\t\t\t\t\t\t<div class=\"elementor-container elementor-column-gap-default\">\n\t\t\t\t\t<div class=\"elementor-column elementor-col-50 elementor-top-column elementor-element elementor-element-1c396f05\" data-id=\"1c396f05\" data-element_type=\"column\" data-e-type=\"column\" data-settings=\"{&quot;background_background&quot;:&quot;classic&quot;}\">\n\t\t\t<div class=\"elementor-widget-wrap elementor-element-populated\">\n\t\t\t\t\t\t<div class=\"elementor-element elementor-element-79f6ba89 elementor-widget elementor-widget-text-editor\" data-id=\"79f6ba89\" data-element_type=\"widget\" data-e-type=\"widget\" data-widget_type=\"text-editor.default\">\n\t\t\t\t<div class=\"elementor-widget-container\">\n\t\t\t\t\t\t\t\t\t<p>Aqu\u00ed encontrar\u00e1s toda mi informaci\u00f3n de contacto. Me encanta escuchar a mis visitantes y responder a cualquier pregunta o duda que tengan sobre mis servicios y clases.\u00a0<\/p><p>Adem\u00e1s, m\u00e1s abajo en la p\u00e1gina encontrar\u00e1 un formulario que puede rellenar para solicitar o preguntar sobre cualquiera de mis servicios o clases.<\/p>\t\t\t\t\t\t\t\t<\/div>\n\t\t\t\t<\/div>\n\t\t\t\t<div class=\"elementor-element elementor-element-bbd3765 elementor-align-start elementor-mobile-align-start elementor-icon-list--layout-traditional elementor-list-item-link-full_width elementor-widget elementor-widget-icon-list\" data-id=\"bbd3765\" data-element_type=\"widget\" data-e-type=\"widget\" data-widget_type=\"icon-list.default\">\n\t\t\t\t<div class=\"elementor-widget-container\">\n\t\t\t\t\t\t\t<ul class=\"elementor-icon-list-items\">\n\t\t\t\t\t\t\t<li class=\"elementor-icon-list-item\">\n\t\t\t\t\t\t\t\t\t\t\t<span class=\"elementor-icon-list-icon\">\n\t\t\t\t\t\t\t<i aria-hidden=\"true\" class=\"far fa-envelope\"><\/i>\t\t\t\t\t\t<\/span>\n\t\t\t\t\t\t\t\t\t\t<span class=\"elementor-icon-list-text\">berthy@nacanyogaandwellness.com<\/span>\n\t\t\t\t\t\t\t\t\t<\/li>\n\t\t\t\t\t\t<\/ul>\n\t\t\t\t\t\t<\/div>\n\t\t\t\t<\/div>\n\t\t\t\t\t<\/div>\n\t\t<\/div>\n\t\t\t\t<div class=\"elementor-column elementor-col-50 elementor-top-column elementor-element elementor-element-2bbca2d0\" data-id=\"2bbca2d0\" data-element_type=\"column\" data-e-type=\"column\" data-settings=\"{&quot;background_background&quot;:&quot;classic&quot;}\">\n\t\t\t<div class=\"elementor-widget-wrap elementor-element-populated\">\n\t\t\t\t\t<div class=\"elementor-background-overlay\"><\/div>\n\t\t\t\t\t\t\t<\/div>\n\t\t<\/div>\n\t\t\t\t\t<\/div>\n\t\t<\/section>\n\t\t\t\t<section class=\"elementor-section elementor-top-section elementor-element elementor-element-252e0e73 elementor-section-boxed elementor-section-height-default elementor-section-height-default\" data-id=\"252e0e73\" data-element_type=\"section\" data-e-type=\"section\" data-settings=\"{&quot;background_background&quot;:&quot;classic&quot;,&quot;shape_divider_top&quot;:&quot;tilt&quot;}\">\n\t\t\t\t\t<div class=\"elementor-shape elementor-shape-top\" aria-hidden=\"true\" data-negative=\"false\">\n\t\t\t<svg xmlns=\"http:\/\/www.w3.org\/2000\/svg\" viewbox=\"0 0 1000 100\" preserveaspectratio=\"none\">\n\t<path class=\"elementor-shape-fill\" d=\"M0,6V0h1000v100L0,6z\"\/>\n<\/svg>\t\t<\/div>\n\t\t\t\t\t<div class=\"elementor-container elementor-column-gap-default\">\n\t\t\t\t\t<div class=\"elementor-column elementor-col-100 elementor-top-column elementor-element elementor-element-5373fdf5\" data-id=\"5373fdf5\" data-element_type=\"column\" data-e-type=\"column\">\n\t\t\t<div class=\"elementor-widget-wrap elementor-element-populated\">\n\t\t\t\t\t\t<div class=\"elementor-element elementor-element-c806151 elementor-widget elementor-widget-menu-anchor\" data-id=\"c806151\" data-element_type=\"widget\" data-e-type=\"widget\" data-widget_type=\"menu-anchor.default\">\n\t\t\t\t<div class=\"elementor-widget-container\">\n\t\t\t\t\t\t\t<div class=\"elementor-menu-anchor\" id=\"inquire-about-services\"><\/div>\n\t\t\t\t\t\t<\/div>\n\t\t\t\t<\/div>\n\t\t\t\t<div class=\"elementor-element elementor-element-3378df1c elementor-widget elementor-widget-heading\" data-id=\"3378df1c\" data-element_type=\"widget\" data-e-type=\"widget\" data-widget_type=\"heading.default\">\n\t\t\t\t<div class=\"elementor-widget-container\">\n\t\t\t\t\t<h2 class=\"elementor-heading-title elementor-size-xl\">If you want to inquire about any of my services or classes please fill out this form<\/h2>\t\t\t\t<\/div>\n\t\t\t\t<\/div>\n\t\t\t\t<div class=\"elementor-element elementor-element-20a6a3e0 elementor-button-align-stretch elementor-widget elementor-widget-form\" data-id=\"20a6a3e0\" data-element_type=\"widget\" data-e-type=\"widget\" data-settings=\"{&quot;step_next_label&quot;:&quot;Next&quot;,&quot;step_previous_label&quot;:&quot;Previous&quot;,&quot;button_width&quot;:&quot;100&quot;,&quot;step_type&quot;:&quot;number_text&quot;,&quot;step_icon_shape&quot;:&quot;circle&quot;}\" data-widget_type=\"form.default\">\n\t\t\t\t<div class=\"elementor-widget-container\">\n\t\t\t\t\t\t\t<form class=\"elementor-form\" method=\"post\" name=\"Private Lesson Inquiry\" action=\"\">\n\t\t\t<input type=\"hidden\" name=\"post_id\" value=\"518\"\/>\n\t\t\t<input type=\"hidden\" name=\"form_id\" value=\"20a6a3e0\"\/>\n\t\t\t<input type=\"hidden\" name=\"referer_title\" value=\"Yoga in Pooler | Reiki | Yoga en Espa\u00f1ol | nac\u00e1nYoga + wellness, LLC\" \/>\n\n\t\t\t\n\t\t\t<div class=\"elementor-form-fields-wrapper elementor-labels-above\">\n\t\t\t\t\t\t\t\t<div class=\"elementor-field-type-text elementor-field-group elementor-column elementor-field-group-name elementor-col-100 elementor-field-required elementor-mark-required\">\n\t\t\t\t\t\t\t\t\t\t\t\t<label for=\"form-field-name\" class=\"elementor-field-label\">\n\t\t\t\t\t\t\t\tNOMBRE\t\t\t\t\t\t\t<\/label>\n\t\t\t\t\t\t\t\t\t\t\t\t\t\t<input size=\"1\" type=\"text\" name=\"form_fields[name]\" id=\"form-field-name\" class=\"elementor-field elementor-size-md  elementor-field-textual\" required=\"required\">\n\t\t\t\t\t\t\t\t\t\t\t<\/div>\n\t\t\t\t\t\t\t\t<div class=\"elementor-field-type-email elementor-field-group elementor-column elementor-field-group-email elementor-col-100 elementor-field-required elementor-mark-required\">\n\t\t\t\t\t\t\t\t\t\t\t\t<label for=\"form-field-email\" class=\"elementor-field-label\">\n\t\t\t\t\t\t\t\tCORREO ELECTRONICO\t\t\t\t\t\t\t<\/label>\n\t\t\t\t\t\t\t\t\t\t\t\t\t\t<input size=\"1\" type=\"email\" name=\"form_fields[email]\" id=\"form-field-email\" class=\"elementor-field elementor-size-md  elementor-field-textual\" required=\"required\">\n\t\t\t\t\t\t\t\t\t\t\t<\/div>\n\t\t\t\t\t\t\t\t<div class=\"elementor-field-type-select elementor-field-group elementor-column elementor-field-group-field_1 elementor-col-100\">\n\t\t\t\t\t\t\t\t\t\t\t\t<label for=\"form-field-field_1\" class=\"elementor-field-label\">\n\t\t\t\t\t\t\t\tTEMA\t\t\t\t\t\t\t<\/label>\n\t\t\t\t\t\t\t\t<div class=\"elementor-field elementor-select-wrapper remove-before\">\n\t\t\t<div class=\"select-caret-down-wrapper\">\n\t\t\t\t<i aria-hidden=\"true\" class=\"eicon-caret-down\"><\/i>\t\t\t<\/div>\n\t\t\t<select name=\"form_fields[field_1]\" id=\"form-field-field_1\" class=\"elementor-field-textual elementor-size-md\">\n\t\t\t\t\t\t\t\t\t<option value=\"\"><\/option>\n\t\t\t\t\t\t\t\t\t<option value=\"Private 1:1 Yoga\">Yoga Privada 1:1<\/option>\n\t\t\t\t\t\t\t\t\t<option value=\"Family Yoga\">Yoga en Familia<\/option>\n\t\t\t\t\t\t\t\t\t<option value=\"Online Yoga\">Yoga en Linea<\/option>\n\t\t\t\t\t\t\t\t\t<option value=\"Prenatal Yoga\">Yoga Prenatal<\/option>\n\t\t\t\t\t\t\t\t\t<option value=\"Corporate Yoga\">Yoga Corporativa<\/option>\n\t\t\t\t\t\t\t\t\t<option value=\"Essential Oils Consultation\">Consulta de Aceites Esenciales<\/option>\n\t\t\t\t\t\t\t\t\t<option value=\"Reiki Attunement \">Terapia de Reiki <\/option>\n\t\t\t\t\t\t\t\t\t<option value=\"Nutrition and Wellness Coaching\">Coaching De Nutrici\u00f3n y Bienestar<\/option>\n\t\t\t\t\t\t\t\t\t<option value=\"Community Yoga\">Yoga Comunitaria<\/option>\n\t\t\t\t\t\t\t<\/select>\n\t\t<\/div>\n\t\t\t\t\t\t<\/div>\n\t\t\t\t\t\t\t\t<div class=\"elementor-field-type-textarea elementor-field-group elementor-column elementor-field-group-message elementor-col-100 elementor-field-required elementor-mark-required\">\n\t\t\t\t\t\t\t\t\t\t\t\t<label for=\"form-field-message\" class=\"elementor-field-label\">\n\t\t\t\t\t\t\t\tMENSAJE\t\t\t\t\t\t\t<\/label>\n\t\t\t\t\t\t<textarea class=\"elementor-field-textual elementor-field  elementor-size-md\" name=\"form_fields[message]\" id=\"form-field-message\" rows=\"5\" required=\"required\"><\/textarea>\t\t\t\t<\/div>\n\t\t\t\t\t\t\t\t<div class=\"elementor-field-group elementor-column elementor-field-type-submit elementor-col-100 e-form__buttons\">\n\t\t\t\t\t<button class=\"elementor-button elementor-size-sm\" type=\"submit\">\n\t\t\t\t\t\t<span class=\"elementor-button-content-wrapper\">\n\t\t\t\t\t\t\t\t\t\t\t\t\t\t\t\t\t\t\t\t\t\t<span class=\"elementor-button-text\"><b>MANDAR<\/b><\/span>\n\t\t\t\t\t\t\t\t\t\t\t\t\t<\/span>\n\t\t\t\t\t<\/button>\n\t\t\t\t<\/div>\n\t\t\t<\/div>\n\t\t<input type=\"hidden\" name=\"trp-form-language\" value=\"es\"\/><\/form>\n\t\t\t\t\t\t<\/div>\n\t\t\t\t<\/div>\n\t\t\t\t\t<\/div>\n\t\t<\/div>\n\t\t\t\t\t<\/div>\n\t\t<\/section>\n\t\t\t\t<\/div>","protected":false},"excerpt":{"rendered":"<p>contact Here you will find all of my contact information. I love hearing from my visitors and answering any questions or doubts that you may have in regard to my services and classes.\u00a0 Also, further down the page you will find a form that can be filled out to request or ask about any of [&hellip;]<\/p>","protected":false},"author":1,"featured_media":0,"parent":0,"menu_order":0,"comment_status":"closed","ping_status":"closed","template":"","meta":{"_uag_custom_page_level_css":"","site-sidebar-layout":"no-sidebar","site-content-layout":"page-builder","ast-site-content-layout":"default","site-content-style":"default","site-sidebar-style":"default","ast-global-header-display":"","ast-banner-title-visibility":"","ast-main-header-display":"","ast-hfb-above-header-display":"","ast-hfb-below-header-display":"","ast-hfb-mobile-header-display":"","site-post-title":"disabled","ast-breadcrumbs-content":"","ast-featured-img":"disabled","footer-sml-layout":"","ast-disable-related-posts":"","theme-transparent-header-meta":"default","adv-header-id-meta":"","stick-header-meta":"","header-above-stick-meta":"","header-main-stick-meta":"","header-below-stick-meta":"","astra-migrate-meta-layouts":"default","ast-page-background-enabled":"default","ast-page-background-meta":{"desktop":{"background-color":"","background-image":"","background-repeat":"repeat","background-position":"center center","background-size":"auto","background-attachment":"scroll","background-type":"","background-media":"","overlay-type":"","overlay-color":"","overlay-opacity":"","overlay-gradient":""},"tablet":{"background-color":"","background-image":"","background-repeat":"repeat","background-position":"center center","background-size":"auto","background-attachment":"scroll","background-type":"","background-media":"","overlay-type":"","overlay-color":"","overlay-opacity":"","overlay-gradient":""},"mobile":{"background-color":"","background-image":"","background-repeat":"repeat","background-position":"center center","background-size":"auto","background-attachment":"scroll","background-type":"","background-media":"","overlay-type":"","overlay-color":"","overlay-opacity":"","overlay-gradient":""}},"ast-content-background-meta":{"desktop":{"background-color":"var(--ast-global-color-5)","background-image":"","background-repeat":"repeat","background-position":"center center","background-size":"auto","background-attachment":"scroll","background-type":"","background-media":"","overlay-type":"","overlay-color":"","overlay-opacity":"","overlay-gradient":""},"tablet":{"background-color":"var(--ast-global-color-5)","background-image":"","background-repeat":"repeat","background-position":"center center","background-size":"auto","background-attachment":"scroll","background-type":"","background-media":"","overlay-type":"","overlay-color":"","overlay-opacity":"","overlay-gradient":""},"mobile":{"background-color":"var(--ast-global-color-5)","background-image":"","background-repeat":"repeat","background-position":"center center","background-size":"auto","background-attachment":"scroll","background-type":"","background-media":"","overlay-type":"","overlay-color":"","overlay-opacity":"","overlay-gradient":""}},"footnotes":""},"class_list":["post-518","page","type-page","status-publish","hentry"],"yoast_head":"<!-- This site is optimized with the Yoast SEO plugin v27.2 - https:\/\/yoast.com\/product\/yoast-seo-wordpress\/ -->\n<title>CONTACT - Yoga in Pooler | Reiki | Yoga en Espa\u00f1ol | nac\u00e1nYoga + wellness, LLC<\/title>\n<meta name=\"description\" content=\"Here you will find all of my contact information. I love hearing from my visitors and answering any questions or doubts that you may have in regard to my services and classes.\u00a0\" \/>\n<meta name=\"robots\" content=\"index, follow, max-snippet:-1, max-image-preview:large, max-video-preview:-1\" \/>\n<link rel=\"canonical\" href=\"https:\/\/nacanyogaandwellness.com\/es\/contact\/\" \/>\n<meta property=\"og:locale\" content=\"es_ES\" \/>\n<meta property=\"og:type\" content=\"article\" \/>\n<meta property=\"og:title\" content=\"CONTACT - Yoga in Pooler | Reiki | Yoga en Espa\u00f1ol | nac\u00e1nYoga + wellness, LLC\" \/>\n<meta property=\"og:description\" content=\"Here you will find all of my contact information. I love hearing from my visitors and answering any questions or doubts that you may have in regard to my services and classes.\u00a0\" \/>\n<meta property=\"og:url\" content=\"https:\/\/nacanyogaandwellness.com\/es\/contact\/\" \/>\n<meta property=\"og:site_name\" content=\"Yoga in Pooler | Reiki | Yoga en Espa\u00f1ol | nac\u00e1nYoga + wellness, LLC\" \/>\n<meta property=\"article:publisher\" content=\"https:\/\/www.facebook.com\/nacanyogawellness\/\" \/>\n<meta property=\"article:modified_time\" content=\"2021-06-02T00:27:58+00:00\" \/>\n<meta name=\"twitter:card\" content=\"summary_large_image\" \/>\n<script type=\"application\/ld+json\" class=\"yoast-schema-graph\">{\"@context\":\"https:\/\/schema.org\",\"@graph\":[{\"@type\":\"WebPage\",\"@id\":\"https:\/\/nacanyogaandwellness.com\/contact\/\",\"url\":\"https:\/\/nacanyogaandwellness.com\/contact\/\",\"name\":\"CONTACT - Yoga in Pooler | Reiki | Yoga en Espa\u00f1ol | nac\u00e1nYoga + wellness, LLC\",\"isPartOf\":{\"@id\":\"https:\/\/nacanyogaandwellness.com\/#website\"},\"datePublished\":\"2019-06-03T01:33:41+00:00\",\"dateModified\":\"2021-06-02T00:27:58+00:00\",\"description\":\"Here you will find all of my contact information. I love hearing from my visitors and answering any questions or doubts that you may have in regard to my services and classes.\u00a0\",\"breadcrumb\":{\"@id\":\"https:\/\/nacanyogaandwellness.com\/contact\/#breadcrumb\"},\"inLanguage\":\"es\",\"potentialAction\":[{\"@type\":\"ReadAction\",\"target\":[\"https:\/\/nacanyogaandwellness.com\/contact\/\"]}]},{\"@type\":\"BreadcrumbList\",\"@id\":\"https:\/\/nacanyogaandwellness.com\/contact\/#breadcrumb\",\"itemListElement\":[{\"@type\":\"ListItem\",\"position\":1,\"name\":\"Home\",\"item\":\"https:\/\/nacanyogaandwellness.com\/\"},{\"@type\":\"ListItem\",\"position\":2,\"name\":\"CONTACT\"}]},{\"@type\":\"WebSite\",\"@id\":\"https:\/\/nacanyogaandwellness.com\/#website\",\"url\":\"https:\/\/nacanyogaandwellness.com\/\",\"name\":\"Yoga in Pooler | Reiki | Yoga en Espa\u00f1ol | nac\u00e1nYoga + wellness, LLC\",\"description\":\"Start or deepen your Yoga practice, learn Mindfulness, Essential Oils, Nutrition and, how can all of these benefit and optimize your health.\",\"publisher\":{\"@id\":\"https:\/\/nacanyogaandwellness.com\/#organization\"},\"alternateName\":\"Nac\u00e1n Yoga\",\"potentialAction\":[{\"@type\":\"SearchAction\",\"target\":{\"@type\":\"EntryPoint\",\"urlTemplate\":\"https:\/\/nacanyogaandwellness.com\/?s={search_term_string}\"},\"query-input\":{\"@type\":\"PropertyValueSpecification\",\"valueRequired\":true,\"valueName\":\"search_term_string\"}}],\"inLanguage\":\"es\"},{\"@type\":\"Organization\",\"@id\":\"https:\/\/nacanyogaandwellness.com\/#organization\",\"name\":\"Nac\u00e1n Yoga & Wellness\",\"alternateName\":\"Yoga in Pooler\",\"url\":\"https:\/\/nacanyogaandwellness.com\/\",\"logo\":{\"@type\":\"ImageObject\",\"inLanguage\":\"es\",\"@id\":\"https:\/\/nacanyogaandwellness.com\/#\/schema\/logo\/image\/\",\"url\":\"https:\/\/nacanyogaandwellness.com\/wp-content\/uploads\/2019\/06\/nacan-transparent.jpg\",\"contentUrl\":\"https:\/\/nacanyogaandwellness.com\/wp-content\/uploads\/2019\/06\/nacan-transparent.jpg\",\"width\":1440,\"height\":1440,\"caption\":\"Nac\u00e1n Yoga & Wellness\"},\"image\":{\"@id\":\"https:\/\/nacanyogaandwellness.com\/#\/schema\/logo\/image\/\"},\"sameAs\":[\"https:\/\/www.facebook.com\/nacanyogawellness\/\",\"https:\/\/www.instagram.com\/nacanyogaandwellness\/\",\"https:\/\/www.pinterest.com\/berthy_martinez\/\",\"https:\/\/goo.gl\/maps\/ZtKkjFKGnuNCkrKG9\"]}]}<\/script>\n<!-- \/ Yoast SEO plugin. -->","yoast_head_json":{"title":"CONTACT - Yoga in Pooler | Reiki | Yoga en Espa\u00f1ol | nac\u00e1nYoga + wellness, LLC","description":"Aqu\u00ed encontrar\u00e1s toda mi informaci\u00f3n de contacto. Me encanta escuchar a mis visitantes y responder a cualquier pregunta o duda que tengan sobre mis servicios y clases.\u00a0","robots":{"index":"index","follow":"follow","max-snippet":"max-snippet:-1","max-image-preview":"max-image-preview:large","max-video-preview":"max-video-preview:-1"},"canonical":"https:\/\/nacanyogaandwellness.com\/es\/contact\/","og_locale":"es_ES","og_type":"article","og_title":"CONTACT - Yoga in Pooler | Reiki | Yoga en Espa\u00f1ol | nac\u00e1nYoga + wellness, LLC","og_description":"Here you will find all of my contact information. I love hearing from my visitors and answering any questions or doubts that you may have in regard to my services and classes.\u00a0","og_url":"https:\/\/nacanyogaandwellness.com\/es\/contact\/","og_site_name":"Yoga in Pooler | Reiki | Yoga en Espa\u00f1ol | nac\u00e1nYoga + wellness, LLC","article_publisher":"https:\/\/www.facebook.com\/nacanyogawellness\/","article_modified_time":"2021-06-02T00:27:58+00:00","twitter_card":"summary_large_image","schema":{"@context":"https:\/\/schema.org","@graph":[{"@type":"WebPage","@id":"https:\/\/nacanyogaandwellness.com\/contact\/","url":"https:\/\/nacanyogaandwellness.com\/contact\/","name":"CONTACT - Yoga in Pooler | Reiki | Yoga en Espa\u00f1ol | nac\u00e1nYoga + wellness, LLC","isPartOf":{"@id":"https:\/\/nacanyogaandwellness.com\/#website"},"datePublished":"2019-06-03T01:33:41+00:00","dateModified":"2021-06-02T00:27:58+00:00","description":"Aqu\u00ed encontrar\u00e1s toda mi informaci\u00f3n de contacto. Me encanta escuchar a mis visitantes y responder a cualquier pregunta o duda que tengan sobre mis servicios y clases.\u00a0","breadcrumb":{"@id":"https:\/\/nacanyogaandwellness.com\/contact\/#breadcrumb"},"inLanguage":"es","potentialAction":[{"@type":"ReadAction","target":["https:\/\/nacanyogaandwellness.com\/contact\/"]}]},{"@type":"BreadcrumbList","@id":"https:\/\/nacanyogaandwellness.com\/contact\/#breadcrumb","itemListElement":[{"@type":"ListItem","position":1,"name":"Home","item":"https:\/\/nacanyogaandwellness.com\/"},{"@type":"ListItem","position":2,"name":"CONTACT"}]},{"@type":"WebSite","@id":"https:\/\/nacanyogaandwellness.com\/#website","url":"https:\/\/nacanyogaandwellness.com\/","name":"Yoga in Pooler | Reiki | Yoga en Espa\u00f1ol | nac\u00e1nYoga + wellness, LLC","description":"Start or deepen your Yoga practice, learn Mindfulness, Essential Oils, Nutrition and, how can all of these benefit and optimize your health.","publisher":{"@id":"https:\/\/nacanyogaandwellness.com\/#organization"},"alternateName":"Nac\u00e1n Yoga","potentialAction":[{"@type":"SearchAction","target":{"@type":"EntryPoint","urlTemplate":"https:\/\/nacanyogaandwellness.com\/?s={search_term_string}"},"query-input":{"@type":"PropertyValueSpecification","valueRequired":true,"valueName":"search_term_string"}}],"inLanguage":"es"},{"@type":"Organization","@id":"https:\/\/nacanyogaandwellness.com\/#organization","name":"Nac\u00e1n Yoga & Wellness","alternateName":"Yoga in Pooler","url":"https:\/\/nacanyogaandwellness.com\/","logo":{"@type":"ImageObject","inLanguage":"es","@id":"https:\/\/nacanyogaandwellness.com\/#\/schema\/logo\/image\/","url":"https:\/\/nacanyogaandwellness.com\/wp-content\/uploads\/2019\/06\/nacan-transparent.jpg","contentUrl":"https:\/\/nacanyogaandwellness.com\/wp-content\/uploads\/2019\/06\/nacan-transparent.jpg","width":1440,"height":1440,"caption":"Nac\u00e1n Yoga & Wellness"},"image":{"@id":"https:\/\/nacanyogaandwellness.com\/#\/schema\/logo\/image\/"},"sameAs":["https:\/\/www.facebook.com\/nacanyogawellness\/","https:\/\/www.instagram.com\/nacanyogaandwellness\/","https:\/\/www.pinterest.com\/berthy_martinez\/","https:\/\/goo.gl\/maps\/ZtKkjFKGnuNCkrKG9"]}]}},"uagb_featured_image_src":{"full":false,"thumbnail":false,"medium":false,"medium_large":false,"large":false,"1536x1536":false,"2048x2048":false,"trp-custom-language-flag":false,"woocommerce_thumbnail":false,"woocommerce_single":false,"woocommerce_gallery_thumbnail":false},"uagb_author_info":{"display_name":"Berthy","author_link":"https:\/\/nacanyogaandwellness.com\/es\/author\/admin\/"},"uagb_comment_info":0,"uagb_excerpt":"contact Here you will find all of my contact information. I love hearing from my visitors and answering any questions or doubts that you may have in regard to my services and classes.\u00a0 Also, further down the page you will find a form that can be filled out to request or ask about any of&hellip;","_links":{"self":[{"href":"https:\/\/nacanyogaandwellness.com\/es\/wp-json\/wp\/v2\/pages\/518","targetHints":{"allow":["GET"]}}],"collection":[{"href":"https:\/\/nacanyogaandwellness.com\/es\/wp-json\/wp\/v2\/pages"}],"about":[{"href":"https:\/\/nacanyogaandwellness.com\/es\/wp-json\/wp\/v2\/types\/page"}],"author":[{"embeddable":true,"href":"https:\/\/nacanyogaandwellness.com\/es\/wp-json\/wp\/v2\/users\/1"}],"replies":[{"embeddable":true,"href":"https:\/\/nacanyogaandwellness.com\/es\/wp-json\/wp\/v2\/comments?post=518"}],"version-history":[{"count":49,"href":"https:\/\/nacanyogaandwellness.com\/es\/wp-json\/wp\/v2\/pages\/518\/revisions"}],"predecessor-version":[{"id":3411,"href":"https:\/\/nacanyogaandwellness.com\/es\/wp-json\/wp\/v2\/pages\/518\/revisions\/3411"}],"wp:attachment":[{"href":"https:\/\/nacanyogaandwellness.com\/es\/wp-json\/wp\/v2\/media?parent=518"}],"curies":[{"name":"wp","href":"https:\/\/api.w.org\/{rel}","templated":true}]}}