{"id":1828,"date":"2019-10-19T20:33:51","date_gmt":"2019-10-19T20:33:51","guid":{"rendered":"https:\/\/nacanyogaandwellness.com\/?page_id=1828"},"modified":"2023-05-14T08:06:18","modified_gmt":"2023-05-14T12:06:18","slug":"pricing","status":"publish","type":"page","link":"https:\/\/nacanyogaandwellness.com\/es\/pricing\/","title":{"rendered":"PRECIOS"},"content":{"rendered":"<div data-elementor-type=\"wp-page\" data-elementor-id=\"1828\" class=\"elementor elementor-1828\" data-elementor-post-type=\"page\">\n\t\t\t\t\t\t<section class=\"elementor-section elementor-top-section elementor-element elementor-element-6d719ee elementor-section-height-min-height elementor-section-boxed elementor-section-height-default elementor-section-items-middle\" data-id=\"6d719ee\" data-element_type=\"section\" data-e-type=\"section\" data-settings=\"{&quot;background_background&quot;:&quot;classic&quot;,&quot;shape_divider_bottom&quot;:&quot;tilt&quot;}\">\n\t\t\t\t\t\t\t<div class=\"elementor-background-overlay\"><\/div>\n\t\t\t\t\t\t<div class=\"elementor-shape elementor-shape-bottom\" aria-hidden=\"true\" data-negative=\"false\">\n\t\t\t<svg xmlns=\"http:\/\/www.w3.org\/2000\/svg\" viewbox=\"0 0 1000 100\" preserveaspectratio=\"none\">\n\t<path class=\"elementor-shape-fill\" d=\"M0,6V0h1000v100L0,6z\"\/>\n<\/svg>\t\t<\/div>\n\t\t\t\t\t<div class=\"elementor-container elementor-column-gap-default\">\n\t\t\t\t\t<div class=\"elementor-column elementor-col-100 elementor-top-column elementor-element elementor-element-f9f2b4d\" data-id=\"f9f2b4d\" data-element_type=\"column\" data-e-type=\"column\">\n\t\t\t<div class=\"elementor-widget-wrap elementor-element-populated\">\n\t\t\t\t\t\t<div class=\"elementor-element elementor-element-79125a51 elementor-invisible elementor-widget elementor-widget-heading\" data-id=\"79125a51\" data-element_type=\"widget\" data-e-type=\"widget\" data-settings=\"{&quot;_animation&quot;:&quot;fadeInDown&quot;}\" data-widget_type=\"heading.default\">\n\t\t\t\t<div class=\"elementor-widget-container\">\n\t\t\t\t\t<h1 class=\"elementor-heading-title elementor-size-default\">PRECIOS<\/h1>\t\t\t\t<\/div>\n\t\t\t\t<\/div>\n\t\t\t\t\t<\/div>\n\t\t<\/div>\n\t\t\t\t\t<\/div>\n\t\t<\/section>\n\t\t\t\t<section class=\"elementor-section elementor-top-section elementor-element elementor-element-380e7f2 elementor-section-boxed elementor-section-height-default elementor-section-height-default\" data-id=\"380e7f2\" data-element_type=\"section\" data-e-type=\"section\">\n\t\t\t\t\t\t<div class=\"elementor-container elementor-column-gap-default\">\n\t\t\t\t\t<div class=\"elementor-column elementor-col-100 elementor-top-column elementor-element elementor-element-b127ee4\" data-id=\"b127ee4\" data-element_type=\"column\" data-e-type=\"column\">\n\t\t\t<div class=\"elementor-widget-wrap elementor-element-populated\">\n\t\t\t\t\t\t<div class=\"elementor-element elementor-element-b751a67 elementor-widget elementor-widget-text-editor\" data-id=\"b751a67\" data-element_type=\"widget\" data-e-type=\"widget\" data-widget_type=\"text-editor.default\">\n\t\t\t\t<div class=\"elementor-widget-container\">\n\t\t\t\t\t\t\t\t\t<p><strong>Precios y paquetes de Yoga:<\/strong><\/p><ul><li>Sesiones 1:1 <strong>$60<\/strong> por cada <strong>sesi\u00f3n de 1 hora <\/strong>o un paquete de <strong>4 sesiones pagadas por adelantado $215<\/strong><\/li><li>Yoga Prenatal <strong>$60 <\/strong>por cada <strong>sesi\u00f3n de 45 minutos <\/strong>o un paquete de <strong>4 sesiones por $215<\/strong><\/li><li>Yoga en Familia <strong>$75<\/strong> por cada <strong>sesi\u00f3n de 45 minutos<\/strong> o un paquete de <strong>4<\/strong> <strong>sesiones pagadas por adelantado<\/strong> <strong>hasta una familia de 3 (10 d\u00f3lares por estudiante adicional)<\/strong><\/li><li>Yoga Corporativa <strong>$150<\/strong> por cada <strong>sesi\u00f3n de 45 minutos <\/strong>(las clases pueden ser 1 vez por semana)<strong><br \/><\/strong><\/li><li>Yoga en Linea<strong> $60<\/strong> por cada <strong>sesi\u00f3n de 1 hora <\/strong><strong><br \/><\/strong><\/li><\/ul>\t\t\t\t\t\t\t\t<\/div>\n\t\t\t\t<\/div>\n\t\t\t\t\t<\/div>\n\t\t<\/div>\n\t\t\t\t\t<\/div>\n\t\t<\/section>\n\t\t\t\t<section class=\"elementor-section elementor-top-section elementor-element elementor-element-925eb52 elementor-section-boxed elementor-section-height-default elementor-section-height-default\" data-id=\"925eb52\" data-element_type=\"section\" data-e-type=\"section\">\n\t\t\t\t\t\t<div class=\"elementor-container elementor-column-gap-default\">\n\t\t\t\t\t<div class=\"elementor-column elementor-col-100 elementor-top-column elementor-element elementor-element-5ab43f8\" data-id=\"5ab43f8\" data-element_type=\"column\" data-e-type=\"column\">\n\t\t\t<div class=\"elementor-widget-wrap elementor-element-populated\">\n\t\t\t\t\t\t<div class=\"elementor-element elementor-element-25f769d elementor-widget elementor-widget-text-editor\" data-id=\"25f769d\" data-element_type=\"widget\" data-e-type=\"widget\" data-widget_type=\"text-editor.default\">\n\t\t\t\t<div class=\"elementor-widget-container\">\n\t\t\t\t\t\t\t\t\t<p><strong>Precios\/paquetes de Coaching de Nutrici\u00f3n y Bienestar:<\/strong><\/p><ul><li><strong>Consulta inicial gratis<\/strong> m\u00e1s <strong>8 sesiones<\/strong> para un costo de <strong>$200<\/strong><\/li><li>Paquete de Yoga y Bienestar incluye: <strong>4<\/strong> sesiones de yoga, <strong>4<\/strong> sesiones de nutrici\u00f3n y bienestar, y <strong>1<\/strong> Terapia de Reiki <strong>$400<\/strong><\/li><\/ul>\t\t\t\t\t\t\t\t<\/div>\n\t\t\t\t<\/div>\n\t\t\t\t\t<\/div>\n\t\t<\/div>\n\t\t\t\t\t<\/div>\n\t\t<\/section>\n\t\t\t\t<section class=\"elementor-section elementor-top-section elementor-element elementor-element-1d95e2b elementor-section-boxed elementor-section-height-default elementor-section-height-default\" data-id=\"1d95e2b\" data-element_type=\"section\" data-e-type=\"section\">\n\t\t\t\t\t\t<div class=\"elementor-container elementor-column-gap-default\">\n\t\t\t\t\t<div class=\"elementor-column elementor-col-100 elementor-top-column elementor-element elementor-element-e7becc8\" data-id=\"e7becc8\" data-element_type=\"column\" data-e-type=\"column\">\n\t\t\t<div class=\"elementor-widget-wrap elementor-element-populated\">\n\t\t\t\t\t\t<div class=\"elementor-element elementor-element-048079f elementor-widget elementor-widget-text-editor\" data-id=\"048079f\" data-element_type=\"widget\" data-e-type=\"widget\" data-widget_type=\"text-editor.default\">\n\t\t\t\t<div class=\"elementor-widget-container\">\n\t\t\t\t\t\t\t\t\t<p><strong>Precios y paquetes de Reiki:<\/strong><\/p><ul><li>Terapia de Reiki <strong>$50<\/strong> por <strong>1 hora o hasta 90 minutos<br \/><\/strong><\/li><li><strong>4<\/strong> terapias de Reiki pagadas por adelantado <strong>$185<\/strong> (sesiones pueden ser 1 vez por semana)<\/li><\/ul><p style=\"text-align: center;\"><strong>TODOS LOS PRECIOS EST\u00c1N SUJETOS A CAMBIOS<\/strong><\/p>\t\t\t\t\t\t\t\t<\/div>\n\t\t\t\t<\/div>\n\t\t\t\t\t<\/div>\n\t\t<\/div>\n\t\t\t\t\t<\/div>\n\t\t<\/section>\n\t\t\t\t<section class=\"elementor-section elementor-top-section elementor-element elementor-element-5f978c34 elementor-section-boxed elementor-section-height-default elementor-section-height-default\" data-id=\"5f978c34\" data-element_type=\"section\" data-e-type=\"section\">\n\t\t\t\t\t\t<div class=\"elementor-container elementor-column-gap-default\">\n\t\t\t\t\t<div class=\"elementor-column elementor-col-100 elementor-top-column elementor-element elementor-element-4ee609cf\" data-id=\"4ee609cf\" data-element_type=\"column\" data-e-type=\"column\">\n\t\t\t<div class=\"elementor-widget-wrap elementor-element-populated\">\n\t\t\t\t\t\t<div class=\"elementor-element elementor-element-e26be75 elementor-widget elementor-widget-heading\" data-id=\"e26be75\" data-element_type=\"widget\" data-e-type=\"widget\" data-widget_type=\"heading.default\">\n\t\t\t\t<div class=\"elementor-widget-container\">\n\t\t\t\t\t<h2 class=\"elementor-heading-title elementor-size-default\">Si tienes alguna pregunta, por favor no dudes en contactarme. S\u00f3lo haz clic en el bot\u00f3n de abajo y completa el formulario en mi p\u00e1gina de contacto. Me pondr\u00e9 en contacto contigo lo antes posible.<\/h2>\t\t\t\t<\/div>\n\t\t\t\t<\/div>\n\t\t\t\t<div class=\"elementor-element elementor-element-2ceb58a8 elementor-align-center elementor-widget elementor-widget-button\" data-id=\"2ceb58a8\" data-element_type=\"widget\" data-e-type=\"widget\" data-widget_type=\"button.default\">\n\t\t\t\t<div class=\"elementor-widget-container\">\n\t\t\t\t\t\t\t\t\t<div class=\"elementor-button-wrapper\">\n\t\t\t\t\t<a class=\"elementor-button elementor-button-link elementor-size-sm\" href=\"https:\/\/nacanyogaandwellness.com\/es\/contact\/#inquire-about-services\">\n\t\t\t\t\t\t<span class=\"elementor-button-content-wrapper\">\n\t\t\t\t\t\t\t\t\t<span class=\"elementor-button-text\">Contactame<\/span>\n\t\t\t\t\t<\/span>\n\t\t\t\t\t<\/a>\n\t\t\t\t<\/div>\n\t\t\t\t\t\t\t\t<\/div>\n\t\t\t\t<\/div>\n\t\t\t\t\t<\/div>\n\t\t<\/div>\n\t\t\t\t\t<\/div>\n\t\t<\/section>\n\t\t\t\t<\/div>","protected":false},"excerpt":{"rendered":"<p>PRICING Yoga pricing\/packages: 1:1 sessions $60 for a 1 hour session or a package of 4 sessions paid in advance $215 Prenatal Yoga $60 for a 45 minutes session or a package of 4 sessions $215 Family Yoga $75 for a 45 minute session or a package of 4 sessions paid in advance $275 up [&hellip;]<\/p>","protected":false},"author":1,"featured_media":0,"parent":0,"menu_order":0,"comment_status":"closed","ping_status":"closed","template":"","meta":{"_uag_custom_page_level_css":"","site-sidebar-layout":"no-sidebar","site-content-layout":"page-builder","ast-site-content-layout":"default","site-content-style":"default","site-sidebar-style":"default","ast-global-header-display":"","ast-banner-title-visibility":"","ast-main-header-display":"disabled","ast-hfb-above-header-display":"","ast-hfb-below-header-display":"","ast-hfb-mobile-header-display":"","site-post-title":"disabled","ast-breadcrumbs-content":"","ast-featured-img":"disabled","footer-sml-layout":"disabled","ast-disable-related-posts":"","theme-transparent-header-meta":"default","adv-header-id-meta":"","stick-header-meta":"","header-above-stick-meta":"","header-main-stick-meta":"","header-below-stick-meta":"","astra-migrate-meta-layouts":"default","ast-page-background-enabled":"default","ast-page-background-meta":{"desktop":{"background-color":"","background-image":"","background-repeat":"repeat","background-position":"center center","background-size":"auto","background-attachment":"scroll","background-type":"","background-media":"","overlay-type":"","overlay-color":"","overlay-opacity":"","overlay-gradient":""},"tablet":{"background-color":"","background-image":"","background-repeat":"repeat","background-position":"center center","background-size":"auto","background-attachment":"scroll","background-type":"","background-media":"","overlay-type":"","overlay-color":"","overlay-opacity":"","overlay-gradient":""},"mobile":{"background-color":"","background-image":"","background-repeat":"repeat","background-position":"center center","background-size":"auto","background-attachment":"scroll","background-type":"","background-media":"","overlay-type":"","overlay-color":"","overlay-opacity":"","overlay-gradient":""}},"ast-content-background-meta":{"desktop":{"background-color":"var(--ast-global-color-5)","background-image":"","background-repeat":"repeat","background-position":"center center","background-size":"auto","background-attachment":"scroll","background-type":"","background-media":"","overlay-type":"","overlay-color":"","overlay-opacity":"","overlay-gradient":""},"tablet":{"background-color":"var(--ast-global-color-5)","background-image":"","background-repeat":"repeat","background-position":"center center","background-size":"auto","background-attachment":"scroll","background-type":"","background-media":"","overlay-type":"","overlay-color":"","overlay-opacity":"","overlay-gradient":""},"mobile":{"background-color":"var(--ast-global-color-5)","background-image":"","background-repeat":"repeat","background-position":"center center","background-size":"auto","background-attachment":"scroll","background-type":"","background-media":"","overlay-type":"","overlay-color":"","overlay-opacity":"","overlay-gradient":""}},"footnotes":""},"class_list":["post-1828","page","type-page","status-publish","hentry"],"yoast_head":"<!-- This site is optimized with the Yoast SEO plugin v27.2 - https:\/\/yoast.com\/product\/yoast-seo-wordpress\/ -->\n<title>Pricing | Affordable Wellness Services | nac\u00e1n Yoga + Wellness<\/title>\n<meta name=\"description\" content=\"Our affordable pricing options for a wide range of wellness services at nac\u00e1n Yoga. Invest in your well-being without breaking the bank.\" \/>\n<meta name=\"robots\" content=\"index, follow, max-snippet:-1, max-image-preview:large, max-video-preview:-1\" \/>\n<link rel=\"canonical\" href=\"https:\/\/nacanyogaandwellness.com\/es\/pricing\/\" \/>\n<meta property=\"og:locale\" content=\"es_ES\" \/>\n<meta property=\"og:type\" content=\"article\" \/>\n<meta property=\"og:title\" content=\"Pricing | Affordable Wellness Services | nac\u00e1n Yoga + Wellness\" \/>\n<meta property=\"og:description\" content=\"Our affordable pricing options for a wide range of wellness services at nac\u00e1n Yoga. Invest in your well-being without breaking the bank.\" \/>\n<meta property=\"og:url\" content=\"https:\/\/nacanyogaandwellness.com\/es\/pricing\/\" \/>\n<meta property=\"og:site_name\" content=\"Yoga in Pooler | Reiki | Yoga en Espa\u00f1ol | nac\u00e1nYoga + wellness, LLC\" \/>\n<meta property=\"article:publisher\" content=\"https:\/\/www.facebook.com\/nacanyogawellness\/\" \/>\n<meta property=\"article:modified_time\" content=\"2023-05-14T12:06:18+00:00\" \/>\n<meta name=\"twitter:card\" content=\"summary_large_image\" \/>\n<meta name=\"twitter:label1\" content=\"Tiempo de lectura\" \/>\n\t<meta name=\"twitter:data1\" content=\"1 minuto\" \/>\n<script type=\"application\/ld+json\" class=\"yoast-schema-graph\">{\"@context\":\"https:\/\/schema.org\",\"@graph\":[{\"@type\":\"WebPage\",\"@id\":\"https:\/\/nacanyogaandwellness.com\/pricing\/\",\"url\":\"https:\/\/nacanyogaandwellness.com\/pricing\/\",\"name\":\"Pricing | Affordable Wellness Services | nac\u00e1n Yoga + Wellness\",\"isPartOf\":{\"@id\":\"https:\/\/nacanyogaandwellness.com\/#website\"},\"datePublished\":\"2019-10-19T20:33:51+00:00\",\"dateModified\":\"2023-05-14T12:06:18+00:00\",\"description\":\"Our affordable pricing options for a wide range of wellness services at nac\u00e1n Yoga. Invest in your well-being without breaking the bank.\",\"breadcrumb\":{\"@id\":\"https:\/\/nacanyogaandwellness.com\/pricing\/#breadcrumb\"},\"inLanguage\":\"es\",\"potentialAction\":[{\"@type\":\"ReadAction\",\"target\":[\"https:\/\/nacanyogaandwellness.com\/pricing\/\"]}]},{\"@type\":\"BreadcrumbList\",\"@id\":\"https:\/\/nacanyogaandwellness.com\/pricing\/#breadcrumb\",\"itemListElement\":[{\"@type\":\"ListItem\",\"position\":1,\"name\":\"Home\",\"item\":\"https:\/\/nacanyogaandwellness.com\/\"},{\"@type\":\"ListItem\",\"position\":2,\"name\":\"PRICING\"}]},{\"@type\":\"WebSite\",\"@id\":\"https:\/\/nacanyogaandwellness.com\/#website\",\"url\":\"https:\/\/nacanyogaandwellness.com\/\",\"name\":\"Yoga in Pooler | Reiki | Yoga en Espa\u00f1ol | nac\u00e1nYoga + wellness, LLC\",\"description\":\"Start or deepen your Yoga practice, learn Mindfulness, Essential Oils, Nutrition and, how can all of these benefit and optimize your health.\",\"publisher\":{\"@id\":\"https:\/\/nacanyogaandwellness.com\/#organization\"},\"alternateName\":\"Nac\u00e1n Yoga\",\"potentialAction\":[{\"@type\":\"SearchAction\",\"target\":{\"@type\":\"EntryPoint\",\"urlTemplate\":\"https:\/\/nacanyogaandwellness.com\/?s={search_term_string}\"},\"query-input\":{\"@type\":\"PropertyValueSpecification\",\"valueRequired\":true,\"valueName\":\"search_term_string\"}}],\"inLanguage\":\"es\"},{\"@type\":\"Organization\",\"@id\":\"https:\/\/nacanyogaandwellness.com\/#organization\",\"name\":\"Nac\u00e1n Yoga & Wellness\",\"alternateName\":\"Yoga in Pooler\",\"url\":\"https:\/\/nacanyogaandwellness.com\/\",\"logo\":{\"@type\":\"ImageObject\",\"inLanguage\":\"es\",\"@id\":\"https:\/\/nacanyogaandwellness.com\/#\/schema\/logo\/image\/\",\"url\":\"https:\/\/nacanyogaandwellness.com\/wp-content\/uploads\/2019\/06\/nacan-transparent.jpg\",\"contentUrl\":\"https:\/\/nacanyogaandwellness.com\/wp-content\/uploads\/2019\/06\/nacan-transparent.jpg\",\"width\":1440,\"height\":1440,\"caption\":\"Nac\u00e1n Yoga & Wellness\"},\"image\":{\"@id\":\"https:\/\/nacanyogaandwellness.com\/#\/schema\/logo\/image\/\"},\"sameAs\":[\"https:\/\/www.facebook.com\/nacanyogawellness\/\",\"https:\/\/www.instagram.com\/nacanyogaandwellness\/\",\"https:\/\/www.pinterest.com\/berthy_martinez\/\",\"https:\/\/goo.gl\/maps\/ZtKkjFKGnuNCkrKG9\"]}]}<\/script>\n<!-- \/ Yoast SEO plugin. -->","yoast_head_json":{"title":"Pricing | Affordable Wellness Services | nac\u00e1n Yoga + Wellness","description":"Our affordable pricing options for a wide range of wellness services at nac\u00e1n Yoga. Invest in your well-being without breaking the bank.","robots":{"index":"index","follow":"follow","max-snippet":"max-snippet:-1","max-image-preview":"max-image-preview:large","max-video-preview":"max-video-preview:-1"},"canonical":"https:\/\/nacanyogaandwellness.com\/es\/pricing\/","og_locale":"es_ES","og_type":"article","og_title":"Pricing | Affordable Wellness Services | nac\u00e1n Yoga + Wellness","og_description":"Our affordable pricing options for a wide range of wellness services at nac\u00e1n Yoga. Invest in your well-being without breaking the bank.","og_url":"https:\/\/nacanyogaandwellness.com\/es\/pricing\/","og_site_name":"Yoga in Pooler | Reiki | Yoga en Espa\u00f1ol | nac\u00e1nYoga + wellness, LLC","article_publisher":"https:\/\/www.facebook.com\/nacanyogawellness\/","article_modified_time":"2023-05-14T12:06:18+00:00","twitter_card":"summary_large_image","twitter_misc":{"Tiempo de lectura":"1 minuto"},"schema":{"@context":"https:\/\/schema.org","@graph":[{"@type":"WebPage","@id":"https:\/\/nacanyogaandwellness.com\/pricing\/","url":"https:\/\/nacanyogaandwellness.com\/pricing\/","name":"Pricing | Affordable Wellness Services | nac\u00e1n Yoga + Wellness","isPartOf":{"@id":"https:\/\/nacanyogaandwellness.com\/#website"},"datePublished":"2019-10-19T20:33:51+00:00","dateModified":"2023-05-14T12:06:18+00:00","description":"Our affordable pricing options for a wide range of wellness services at nac\u00e1n Yoga. Invest in your well-being without breaking the bank.","breadcrumb":{"@id":"https:\/\/nacanyogaandwellness.com\/pricing\/#breadcrumb"},"inLanguage":"es","potentialAction":[{"@type":"ReadAction","target":["https:\/\/nacanyogaandwellness.com\/pricing\/"]}]},{"@type":"BreadcrumbList","@id":"https:\/\/nacanyogaandwellness.com\/pricing\/#breadcrumb","itemListElement":[{"@type":"ListItem","position":1,"name":"Home","item":"https:\/\/nacanyogaandwellness.com\/"},{"@type":"ListItem","position":2,"name":"PRICING"}]},{"@type":"WebSite","@id":"https:\/\/nacanyogaandwellness.com\/#website","url":"https:\/\/nacanyogaandwellness.com\/","name":"Yoga in Pooler | Reiki | Yoga en Espa\u00f1ol | nac\u00e1nYoga + wellness, LLC","description":"Start or deepen your Yoga practice, learn Mindfulness, Essential Oils, Nutrition and, how can all of these benefit and optimize your health.","publisher":{"@id":"https:\/\/nacanyogaandwellness.com\/#organization"},"alternateName":"Nac\u00e1n Yoga","potentialAction":[{"@type":"SearchAction","target":{"@type":"EntryPoint","urlTemplate":"https:\/\/nacanyogaandwellness.com\/?s={search_term_string}"},"query-input":{"@type":"PropertyValueSpecification","valueRequired":true,"valueName":"search_term_string"}}],"inLanguage":"es"},{"@type":"Organization","@id":"https:\/\/nacanyogaandwellness.com\/#organization","name":"Nac\u00e1n Yoga & Wellness","alternateName":"Yoga in Pooler","url":"https:\/\/nacanyogaandwellness.com\/","logo":{"@type":"ImageObject","inLanguage":"es","@id":"https:\/\/nacanyogaandwellness.com\/#\/schema\/logo\/image\/","url":"https:\/\/nacanyogaandwellness.com\/wp-content\/uploads\/2019\/06\/nacan-transparent.jpg","contentUrl":"https:\/\/nacanyogaandwellness.com\/wp-content\/uploads\/2019\/06\/nacan-transparent.jpg","width":1440,"height":1440,"caption":"Nac\u00e1n Yoga & Wellness"},"image":{"@id":"https:\/\/nacanyogaandwellness.com\/#\/schema\/logo\/image\/"},"sameAs":["https:\/\/www.facebook.com\/nacanyogawellness\/","https:\/\/www.instagram.com\/nacanyogaandwellness\/","https:\/\/www.pinterest.com\/berthy_martinez\/","https:\/\/goo.gl\/maps\/ZtKkjFKGnuNCkrKG9"]}]}},"uagb_featured_image_src":{"full":false,"thumbnail":false,"medium":false,"medium_large":false,"large":false,"1536x1536":false,"2048x2048":false,"trp-custom-language-flag":false,"woocommerce_thumbnail":false,"woocommerce_single":false,"woocommerce_gallery_thumbnail":false},"uagb_author_info":{"display_name":"Berthy","author_link":"https:\/\/nacanyogaandwellness.com\/es\/author\/admin\/"},"uagb_comment_info":0,"uagb_excerpt":"PRICING Yoga pricing\/packages: 1:1 sessions $60 for a 1 hour session or a package of 4 sessions paid in advance $215 Prenatal Yoga $60 for a 45 minutes session or a package of 4 sessions $215 Family Yoga $75 for a 45 minute session or a package of 4 sessions paid in advance $275 up&hellip;","_links":{"self":[{"href":"https:\/\/nacanyogaandwellness.com\/es\/wp-json\/wp\/v2\/pages\/1828","targetHints":{"allow":["GET"]}}],"collection":[{"href":"https:\/\/nacanyogaandwellness.com\/es\/wp-json\/wp\/v2\/pages"}],"about":[{"href":"https:\/\/nacanyogaandwellness.com\/es\/wp-json\/wp\/v2\/types\/page"}],"author":[{"embeddable":true,"href":"https:\/\/nacanyogaandwellness.com\/es\/wp-json\/wp\/v2\/users\/1"}],"replies":[{"embeddable":true,"href":"https:\/\/nacanyogaandwellness.com\/es\/wp-json\/wp\/v2\/comments?post=1828"}],"version-history":[{"count":74,"href":"https:\/\/nacanyogaandwellness.com\/es\/wp-json\/wp\/v2\/pages\/1828\/revisions"}],"predecessor-version":[{"id":4381,"href":"https:\/\/nacanyogaandwellness.com\/es\/wp-json\/wp\/v2\/pages\/1828\/revisions\/4381"}],"wp:attachment":[{"href":"https:\/\/nacanyogaandwellness.com\/es\/wp-json\/wp\/v2\/media?parent=1828"}],"curies":[{"name":"wp","href":"https:\/\/api.w.org\/{rel}","templated":true}]}}