{"id":1395,"date":"2019-08-25T20:57:56","date_gmt":"2019-08-25T20:57:56","guid":{"rendered":"https:\/\/nacanyogaandwellness.com\/?page_id=1395"},"modified":"2023-05-04T06:23:39","modified_gmt":"2023-05-04T10:23:39","slug":"privacy-policy","status":"publish","type":"page","link":"https:\/\/nacanyogaandwellness.com\/es\/privacy-policy\/","title":{"rendered":"Privacy Policy"},"content":{"rendered":"<div data-elementor-type=\"wp-post\" data-elementor-id=\"1395\" class=\"elementor elementor-1395\" data-elementor-post-type=\"page\">\n\t\t\t\t\t\t<section class=\"elementor-section elementor-top-section elementor-element elementor-element-1eaa93cd elementor-section-height-min-height elementor-section-stretched elementor-section-boxed elementor-section-height-default elementor-section-items-middle\" data-id=\"1eaa93cd\" data-element_type=\"section\" data-e-type=\"section\" data-settings=\"{&quot;background_background&quot;:&quot;classic&quot;,&quot;shape_divider_bottom&quot;:&quot;tilt&quot;,&quot;stretch_section&quot;:&quot;section-stretched&quot;}\">\n\t\t\t\t\t\t\t<div class=\"elementor-background-overlay\"><\/div>\n\t\t\t\t\t\t<div class=\"elementor-shape elementor-shape-bottom\" aria-hidden=\"true\" data-negative=\"false\">\n\t\t\t<svg xmlns=\"http:\/\/www.w3.org\/2000\/svg\" viewbox=\"0 0 1000 100\" preserveaspectratio=\"none\">\n\t<path class=\"elementor-shape-fill\" d=\"M0,6V0h1000v100L0,6z\"\/>\n<\/svg>\t\t<\/div>\n\t\t\t\t\t<div class=\"elementor-container elementor-column-gap-default\">\n\t\t\t\t\t<div class=\"elementor-column elementor-col-100 elementor-top-column elementor-element elementor-element-72d3cbef\" data-id=\"72d3cbef\" data-element_type=\"column\" data-e-type=\"column\">\n\t\t\t<div class=\"elementor-widget-wrap elementor-element-populated\">\n\t\t\t\t\t\t<div class=\"elementor-element elementor-element-4e94611b elementor-invisible elementor-widget elementor-widget-heading\" data-id=\"4e94611b\" data-element_type=\"widget\" data-e-type=\"widget\" data-settings=\"{&quot;_animation&quot;:&quot;fadeInDown&quot;}\" data-widget_type=\"heading.default\">\n\t\t\t\t<div class=\"elementor-widget-container\">\n\t\t\t\t\t<h1 class=\"elementor-heading-title elementor-size-default\">Privacy Policy<\/h1>\t\t\t\t<\/div>\n\t\t\t\t<\/div>\n\t\t\t\t\t<\/div>\n\t\t<\/div>\n\t\t\t\t\t<\/div>\n\t\t<\/section>\n\t\t\t\t<section class=\"elementor-section elementor-top-section elementor-element elementor-element-3cd19aee elementor-section-boxed elementor-section-height-default elementor-section-height-default\" data-id=\"3cd19aee\" data-element_type=\"section\" data-e-type=\"section\">\n\t\t\t\t\t\t<div class=\"elementor-container elementor-column-gap-default\">\n\t\t\t\t\t<div class=\"elementor-column elementor-col-100 elementor-top-column elementor-element elementor-element-7882123e\" data-id=\"7882123e\" data-element_type=\"column\" data-e-type=\"column\">\n\t\t\t<div class=\"elementor-widget-wrap elementor-element-populated\">\n\t\t\t\t\t\t<div class=\"elementor-element elementor-element-7e2fcd91 elementor-widget elementor-widget-text-editor\" data-id=\"7e2fcd91\" data-element_type=\"widget\" data-e-type=\"widget\" data-widget_type=\"text-editor.default\">\n\t\t\t\t<div class=\"elementor-widget-container\">\n\t\t\t\t\t\t\t\t\t\n<h2 class=\"wp-block-heading\">Who we are<\/h2>\n\n<p>nac\u00e1nYoga + wellness, LLC PRIVACY POLICY<\/p>\n<p>nac\u00e1nYoga + wellness, LLC (the \u201cCompany\u201d) is committed to maintaining robust privacy protections for its users. Our Privacy Policy (\u201cPrivacy Policy\u201d) is designed to help you understand how we collect, use and safeguard the information you provide to us and to assist you in making informed decisions when using our Service.<\/p>\n<p>For purposes of this Agreement, \u201cSite\u201d refers to the Company\u2019s website, which can be accessed at <a href=\"https:\/\/nacanyogaandwellness.com\/es\/\">https:\/\/www.nacanyogaandwellness.com<\/a>.<br \/>\u201cService\u201d refers to the Company\u2019s services accessed via the Site, in which users can find information on private\/community\/corporate Yoga sessions, Reiki, Nutrition and Wellness consultations and Essential Oils consultations.<\/p>\n<p>The terms \u201cwe,\u201d \u201cus,\u201d and \u201cour\u201d refer to the Company. \u201cYou\u201d refers to you, as a user of our Site or our Service.<\/p>\n<p>By accessing our Site or our Service, you accept our Privacy Policy and Terms of Use (found here: https:\/\/www.nacanyogaandwellness.com\/terms-of-use), and you consent to our collection, storage, use and disclosure of your Personal Information as described in this Privacy Policy.<\/p>\n\n<h2 class=\"wp-block-heading\">What personal data we collect and why we collect it<\/h2>\n\n<h3 class=\"wp-block-heading\">Comments<\/h3>\n\n<p>When visitors leave comments on the site we collect the data shown in the comments form, and also the visitor\u2019s IP address and browser user agent string to help spam detection.<\/p>\n\n<p>An anonymized string created from your email address (also called a hash) may be provided to the Gravatar service to see if you are using it. The Gravatar service privacy policy is available here: https:\/\/automattic.com\/privacy\/. After approval of your comment, your profile picture is visible to the public in the context of your comment.<\/p>\n\n<h3 class=\"wp-block-heading\">Media<\/h3>\n\n<p>If you upload images to the website, you should avoid uploading images with embedded location data (EXIF GPS) included. Visitors to the website can download and extract any location data from images on the website.<\/p>\n\n<h3 class=\"wp-block-heading\">Contact forms<\/h3>\n<p>We collect \u201cPersonal Information\u201d via opt-in forms and newsletter sign-up forms. Personal Information includes your name and email ,which you submit to us through the newsletter sign-up form or the inquiry of information form at the Site.<br \/>\u00a0<\/p>\n\n<h3 class=\"wp-block-heading\">Cookies<\/h3>\n\n<p>If you leave a comment on our site you may opt-in to saving your name, email address and website in cookies. These are for your convenience so that you do not have to fill in your details again when you leave another comment. These cookies will last for one year.<\/p>\n\n<p>If you visit our login page, we will set a temporary cookie to determine if your browser accepts cookies. This cookie contains no personal data and is discarded when you close your browser.<\/p>\n\n<p>When you log in, we will also set up several cookies to save your login information and your screen display choices. Login cookies last for two days, and screen options cookies last for a year. If you select &#8220;Remember Me&#8221;, your login will persist for two weeks. If you log out of your account, the login cookies will be removed.<\/p>\n\n<p>If you edit or publish an article, an additional cookie will be saved in your browser. This cookie includes no personal data and simply indicates the post ID of the article you just edited. It expires after 1 day.<\/p>\n\n<h3 class=\"wp-block-heading\">Embedded content from other websites<\/h3>\n\n<p>Articles on this site may include embedded content (e.g. videos, images, articles, etc.). Embedded content from other websites behaves in the exact same way as if the visitor has visited the other website.<\/p>\n\n<p>These websites may collect data about you, use cookies, embed additional third-party tracking, and monitor your interaction with that embedded content, including tracking your interaction with the embedded content if you have an account and are logged in to that website.<\/p>\n\n<h3 class=\"wp-block-heading\">Analytics<\/h3>\n\n<h2 class=\"wp-block-heading\">Who we share your data with<\/h2>\n<p>Except as otherwise stated in this Privacy Policy, we do not sell, trade, rent or otherwise share for marketing purposes your Personal Information with third parties without your consent. We do share Personal Information with vendors who are performing services for the Company, such as the servers for our email communications who are provided access to user\u2019s email address for purposes of sending emails from us. Those vendors use your Personal Information only at our direction and in accordance with our Privacy Policy.<\/p>\n<p>In general, the Personal Information you provide to us is used to help us communicate with you. For example, we use Personal Information to contact users in response to questions, solicit feedback from users, provide technical support, and inform users about promotional offers.<\/p>\n\n<h2 class=\"wp-block-heading\">How long we retain your data<\/h2>\n\n<p>If you leave a comment, the comment and its metadata are retained indefinitely. This is so we can recognize and approve any follow-up comments automatically instead of holding them in a moderation queue.<\/p>\n\n<p>For users that register on our website (if any), we also store the personal information they provide in their user profile. All users can see, edit, or delete their personal information at any time (except they cannot change their username). Website administrators can also see and edit that information.<\/p>\n\n<h2 class=\"wp-block-heading\">What rights you have over your data<\/h2>\n\n<p>If you have an account on this site, or have left comments, you can request to receive an exported file of the personal data we hold about you, including any data you have provided to us. You can also request that we erase any personal data we hold about you. This does not include any data we are obliged to keep for administrative, legal, or security purposes.<\/p>\n\n<h2 class=\"wp-block-heading\">Where we send your data<\/h2>\n\n<p>Visitor comments may be checked through an automated spam detection service.<\/p>\n<h2>Additional information<\/h2>\n<p><\/p>\n<h3 class=\"wp-block-heading\">How we protect your data<\/h3>\n<p>We implement security measures designed to protect your information from unauthorized access. We further protect your information from potential security breaches by implementing certain technological security measures including secure socket layer technology. However, these measures do not guarantee that your information will not be accessed, disclosed, altered or destroyed by breach of secure server software. By using our Service, you acknowledge that you understand and agree to assume these risks.\u00a0<\/p>\n\n<h2 class=\"wp-block-heading\">Contact information<\/h2>\n<p>If you have any questions regarding this Privacy Policy or the practices of this Site, please contact us by sending an email to nacanyoga@gmail.com.<\/p>\n<p>Last Updated: This Privacy Policy was last updated on August 24 2019.<\/p>\n\n<p>\u00a0<\/p>\n\t\t\t\t\t\t\t\t<\/div>\n\t\t\t\t<\/div>\n\t\t\t\t\t<\/div>\n\t\t<\/div>\n\t\t\t\t\t<\/div>\n\t\t<\/section>\n\t\t\t\t<\/div>","protected":false},"excerpt":{"rendered":"<p>Privacy Policy Who we are nac\u00e1nYoga + wellness, LLC PRIVACY POLICY nac\u00e1nYoga + wellness, LLC (the \u201cCompany\u201d) is committed to maintaining robust privacy protections for its users. Our Privacy Policy (\u201cPrivacy Policy\u201d) is designed to help you understand how we collect, use and safeguard the information you provide to us and to assist you in [&hellip;]<\/p>","protected":false},"author":1,"featured_media":0,"parent":0,"menu_order":0,"comment_status":"closed","ping_status":"closed","template":"elementor_header_footer","meta":{"_uag_custom_page_level_css":"","site-sidebar-layout":"default","site-content-layout":"default","ast-site-content-layout":"default","site-content-style":"default","site-sidebar-style":"default","ast-global-header-display":"","ast-banner-title-visibility":"","ast-main-header-display":"","ast-hfb-above-header-display":"","ast-hfb-below-header-display":"","ast-hfb-mobile-header-display":"","site-post-title":"","ast-breadcrumbs-content":"","ast-featured-img":"","footer-sml-layout":"","ast-disable-related-posts":"","theme-transparent-header-meta":"default","adv-header-id-meta":"","stick-header-meta":"","header-above-stick-meta":"","header-main-stick-meta":"","header-below-stick-meta":"","astra-migrate-meta-layouts":"default","ast-page-background-enabled":"default","ast-page-background-meta":{"desktop":{"background-color":"","background-image":"","background-repeat":"repeat","background-position":"center center","background-size":"auto","background-attachment":"scroll","background-type":"","background-media":"","overlay-type":"","overlay-color":"","overlay-opacity":"","overlay-gradient":""},"tablet":{"background-color":"","background-image":"","background-repeat":"repeat","background-position":"center center","background-size":"auto","background-attachment":"scroll","background-type":"","background-media":"","overlay-type":"","overlay-color":"","overlay-opacity":"","overlay-gradient":""},"mobile":{"background-color":"","background-image":"","background-repeat":"repeat","background-position":"center center","background-size":"auto","background-attachment":"scroll","background-type":"","background-media":"","overlay-type":"","overlay-color":"","overlay-opacity":"","overlay-gradient":""}},"ast-content-background-meta":{"desktop":{"background-color":"var(--ast-global-color-5)","background-image":"","background-repeat":"repeat","background-position":"center center","background-size":"auto","background-attachment":"scroll","background-type":"","background-media":"","overlay-type":"","overlay-color":"","overlay-opacity":"","overlay-gradient":""},"tablet":{"background-color":"var(--ast-global-color-5)","background-image":"","background-repeat":"repeat","background-position":"center center","background-size":"auto","background-attachment":"scroll","background-type":"","background-media":"","overlay-type":"","overlay-color":"","overlay-opacity":"","overlay-gradient":""},"mobile":{"background-color":"var(--ast-global-color-5)","background-image":"","background-repeat":"repeat","background-position":"center center","background-size":"auto","background-attachment":"scroll","background-type":"","background-media":"","overlay-type":"","overlay-color":"","overlay-opacity":"","overlay-gradient":""}},"footnotes":""},"class_list":["post-1395","page","type-page","status-publish","hentry"],"yoast_head":"<!-- This site is optimized with the Yoast SEO plugin v27.2 - https:\/\/yoast.com\/product\/yoast-seo-wordpress\/ -->\n<title>Privacy Policy - Yoga in Pooler | Reiki | Yoga en Espa\u00f1ol | nac\u00e1nYoga + wellness, LLC<\/title>\n<meta name=\"description\" content=\"Privacy Policy Who we are nac\u00e1nYoga + wellness, LLC PRIVACY POLICY nac\u00e1nYoga + wellness, LLC (the \u201cCompany\u201d) is committed to maintaining robust privacy\" \/>\n<meta name=\"robots\" content=\"noindex, follow\" \/>\n<meta property=\"og:locale\" content=\"es_ES\" \/>\n<meta property=\"og:type\" content=\"article\" \/>\n<meta property=\"og:title\" content=\"Privacy Policy - Yoga in Pooler | Reiki | Yoga en Espa\u00f1ol | nac\u00e1nYoga + wellness, LLC\" \/>\n<meta property=\"og:description\" content=\"Privacy Policy Who we are nac\u00e1nYoga + wellness, LLC PRIVACY POLICY nac\u00e1nYoga + wellness, LLC (the \u201cCompany\u201d) is committed to maintaining robust privacy\" \/>\n<meta property=\"og:url\" content=\"https:\/\/nacanyogaandwellness.com\/es\/privacy-policy\/\" \/>\n<meta property=\"og:site_name\" content=\"Yoga in Pooler | Reiki | Yoga en Espa\u00f1ol | nac\u00e1nYoga + wellness, LLC\" \/>\n<meta property=\"article:publisher\" content=\"https:\/\/www.facebook.com\/nacanyogawellness\/\" \/>\n<meta property=\"article:modified_time\" content=\"2023-05-04T10:23:39+00:00\" \/>\n<meta name=\"twitter:card\" content=\"summary_large_image\" \/>\n<meta name=\"twitter:label1\" content=\"Tiempo de lectura\" \/>\n\t<meta name=\"twitter:data1\" content=\"5 minutos\" \/>\n<script type=\"application\/ld+json\" class=\"yoast-schema-graph\">{\"@context\":\"https:\/\/schema.org\",\"@graph\":[{\"@type\":\"WebPage\",\"@id\":\"https:\/\/nacanyogaandwellness.com\/privacy-policy\/\",\"url\":\"https:\/\/nacanyogaandwellness.com\/privacy-policy\/\",\"name\":\"Privacy Policy - Yoga in Pooler | Reiki | Yoga en Espa\u00f1ol | nac\u00e1nYoga + wellness, LLC\",\"isPartOf\":{\"@id\":\"https:\/\/nacanyogaandwellness.com\/#website\"},\"datePublished\":\"2019-08-25T20:57:56+00:00\",\"dateModified\":\"2023-05-04T10:23:39+00:00\",\"description\":\"Privacy Policy Who we are nac\u00e1nYoga + wellness, LLC PRIVACY POLICY nac\u00e1nYoga + wellness, LLC (the \u201cCompany\u201d) is committed to maintaining robust privacy\",\"breadcrumb\":{\"@id\":\"https:\/\/nacanyogaandwellness.com\/privacy-policy\/#breadcrumb\"},\"inLanguage\":\"es\",\"potentialAction\":[{\"@type\":\"ReadAction\",\"target\":[\"https:\/\/nacanyogaandwellness.com\/privacy-policy\/\"]}]},{\"@type\":\"BreadcrumbList\",\"@id\":\"https:\/\/nacanyogaandwellness.com\/privacy-policy\/#breadcrumb\",\"itemListElement\":[{\"@type\":\"ListItem\",\"position\":1,\"name\":\"Home\",\"item\":\"https:\/\/nacanyogaandwellness.com\/\"},{\"@type\":\"ListItem\",\"position\":2,\"name\":\"Privacy Policy\"}]},{\"@type\":\"WebSite\",\"@id\":\"https:\/\/nacanyogaandwellness.com\/#website\",\"url\":\"https:\/\/nacanyogaandwellness.com\/\",\"name\":\"Yoga in Pooler | Reiki | Yoga en Espa\u00f1ol | nac\u00e1nYoga + wellness, LLC\",\"description\":\"Start or deepen your Yoga practice, learn Mindfulness, Essential Oils, Nutrition and, how can all of these benefit and optimize your health.\",\"publisher\":{\"@id\":\"https:\/\/nacanyogaandwellness.com\/#organization\"},\"alternateName\":\"Nac\u00e1n Yoga\",\"potentialAction\":[{\"@type\":\"SearchAction\",\"target\":{\"@type\":\"EntryPoint\",\"urlTemplate\":\"https:\/\/nacanyogaandwellness.com\/?s={search_term_string}\"},\"query-input\":{\"@type\":\"PropertyValueSpecification\",\"valueRequired\":true,\"valueName\":\"search_term_string\"}}],\"inLanguage\":\"es\"},{\"@type\":\"Organization\",\"@id\":\"https:\/\/nacanyogaandwellness.com\/#organization\",\"name\":\"Nac\u00e1n Yoga & Wellness\",\"alternateName\":\"Yoga in Pooler\",\"url\":\"https:\/\/nacanyogaandwellness.com\/\",\"logo\":{\"@type\":\"ImageObject\",\"inLanguage\":\"es\",\"@id\":\"https:\/\/nacanyogaandwellness.com\/#\/schema\/logo\/image\/\",\"url\":\"https:\/\/nacanyogaandwellness.com\/wp-content\/uploads\/2019\/06\/nacan-transparent.jpg\",\"contentUrl\":\"https:\/\/nacanyogaandwellness.com\/wp-content\/uploads\/2019\/06\/nacan-transparent.jpg\",\"width\":1440,\"height\":1440,\"caption\":\"Nac\u00e1n Yoga & Wellness\"},\"image\":{\"@id\":\"https:\/\/nacanyogaandwellness.com\/#\/schema\/logo\/image\/\"},\"sameAs\":[\"https:\/\/www.facebook.com\/nacanyogawellness\/\",\"https:\/\/www.instagram.com\/nacanyogaandwellness\/\",\"https:\/\/www.pinterest.com\/berthy_martinez\/\",\"https:\/\/goo.gl\/maps\/ZtKkjFKGnuNCkrKG9\"]}]}<\/script>\n<!-- \/ Yoast SEO plugin. -->","yoast_head_json":{"title":"Privacy Policy - Yoga in Pooler | Reiki | Yoga en Espa\u00f1ol | nac\u00e1nYoga + wellness, LLC","description":"Privacy Policy Who we are nac\u00e1nYoga + wellness, LLC PRIVACY POLICY nac\u00e1nYoga + wellness, LLC (the \u201cCompany\u201d) is committed to maintaining robust privacy","robots":{"index":"noindex","follow":"follow"},"og_locale":"es_ES","og_type":"article","og_title":"Privacy Policy - Yoga in Pooler | Reiki | Yoga en Espa\u00f1ol | nac\u00e1nYoga + wellness, LLC","og_description":"Privacy Policy Who we are nac\u00e1nYoga + wellness, LLC PRIVACY POLICY nac\u00e1nYoga + wellness, LLC (the \u201cCompany\u201d) is committed to maintaining robust privacy","og_url":"https:\/\/nacanyogaandwellness.com\/es\/privacy-policy\/","og_site_name":"Yoga in Pooler | Reiki | Yoga en Espa\u00f1ol | nac\u00e1nYoga + wellness, LLC","article_publisher":"https:\/\/www.facebook.com\/nacanyogawellness\/","article_modified_time":"2023-05-04T10:23:39+00:00","twitter_card":"summary_large_image","twitter_misc":{"Tiempo de lectura":"5 minutos"},"schema":{"@context":"https:\/\/schema.org","@graph":[{"@type":"WebPage","@id":"https:\/\/nacanyogaandwellness.com\/privacy-policy\/","url":"https:\/\/nacanyogaandwellness.com\/privacy-policy\/","name":"Privacy Policy - Yoga in Pooler | Reiki | Yoga en Espa\u00f1ol | nac\u00e1nYoga + wellness, LLC","isPartOf":{"@id":"https:\/\/nacanyogaandwellness.com\/#website"},"datePublished":"2019-08-25T20:57:56+00:00","dateModified":"2023-05-04T10:23:39+00:00","description":"Privacy Policy Who we are nac\u00e1nYoga + wellness, LLC PRIVACY POLICY nac\u00e1nYoga + wellness, LLC (the \u201cCompany\u201d) is committed to maintaining robust privacy","breadcrumb":{"@id":"https:\/\/nacanyogaandwellness.com\/privacy-policy\/#breadcrumb"},"inLanguage":"es","potentialAction":[{"@type":"ReadAction","target":["https:\/\/nacanyogaandwellness.com\/privacy-policy\/"]}]},{"@type":"BreadcrumbList","@id":"https:\/\/nacanyogaandwellness.com\/privacy-policy\/#breadcrumb","itemListElement":[{"@type":"ListItem","position":1,"name":"Home","item":"https:\/\/nacanyogaandwellness.com\/"},{"@type":"ListItem","position":2,"name":"Privacy Policy"}]},{"@type":"WebSite","@id":"https:\/\/nacanyogaandwellness.com\/#website","url":"https:\/\/nacanyogaandwellness.com\/","name":"Yoga in Pooler | Reiki | Yoga en Espa\u00f1ol | nac\u00e1nYoga + wellness, LLC","description":"Start or deepen your Yoga practice, learn Mindfulness, Essential Oils, Nutrition and, how can all of these benefit and optimize your health.","publisher":{"@id":"https:\/\/nacanyogaandwellness.com\/#organization"},"alternateName":"Nac\u00e1n Yoga","potentialAction":[{"@type":"SearchAction","target":{"@type":"EntryPoint","urlTemplate":"https:\/\/nacanyogaandwellness.com\/?s={search_term_string}"},"query-input":{"@type":"PropertyValueSpecification","valueRequired":true,"valueName":"search_term_string"}}],"inLanguage":"es"},{"@type":"Organization","@id":"https:\/\/nacanyogaandwellness.com\/#organization","name":"Nac\u00e1n Yoga & Wellness","alternateName":"Yoga in Pooler","url":"https:\/\/nacanyogaandwellness.com\/","logo":{"@type":"ImageObject","inLanguage":"es","@id":"https:\/\/nacanyogaandwellness.com\/#\/schema\/logo\/image\/","url":"https:\/\/nacanyogaandwellness.com\/wp-content\/uploads\/2019\/06\/nacan-transparent.jpg","contentUrl":"https:\/\/nacanyogaandwellness.com\/wp-content\/uploads\/2019\/06\/nacan-transparent.jpg","width":1440,"height":1440,"caption":"Nac\u00e1n Yoga & Wellness"},"image":{"@id":"https:\/\/nacanyogaandwellness.com\/#\/schema\/logo\/image\/"},"sameAs":["https:\/\/www.facebook.com\/nacanyogawellness\/","https:\/\/www.instagram.com\/nacanyogaandwellness\/","https:\/\/www.pinterest.com\/berthy_martinez\/","https:\/\/goo.gl\/maps\/ZtKkjFKGnuNCkrKG9"]}]}},"uagb_featured_image_src":{"full":false,"thumbnail":false,"medium":false,"medium_large":false,"large":false,"1536x1536":false,"2048x2048":false,"trp-custom-language-flag":false,"woocommerce_thumbnail":false,"woocommerce_single":false,"woocommerce_gallery_thumbnail":false},"uagb_author_info":{"display_name":"Berthy","author_link":"https:\/\/nacanyogaandwellness.com\/es\/author\/admin\/"},"uagb_comment_info":0,"uagb_excerpt":"Privacy Policy Who we are nac\u00e1nYoga + wellness, LLC PRIVACY POLICY nac\u00e1nYoga + wellness, LLC (the \u201cCompany\u201d) is committed to maintaining robust privacy protections for its users. Our Privacy Policy (\u201cPrivacy Policy\u201d) is designed to help you understand how we collect, use and safeguard the information you provide to us and to assist you in&hellip;","_links":{"self":[{"href":"https:\/\/nacanyogaandwellness.com\/es\/wp-json\/wp\/v2\/pages\/1395","targetHints":{"allow":["GET"]}}],"collection":[{"href":"https:\/\/nacanyogaandwellness.com\/es\/wp-json\/wp\/v2\/pages"}],"about":[{"href":"https:\/\/nacanyogaandwellness.com\/es\/wp-json\/wp\/v2\/types\/page"}],"author":[{"embeddable":true,"href":"https:\/\/nacanyogaandwellness.com\/es\/wp-json\/wp\/v2\/users\/1"}],"replies":[{"embeddable":true,"href":"https:\/\/nacanyogaandwellness.com\/es\/wp-json\/wp\/v2\/comments?post=1395"}],"version-history":[{"count":4,"href":"https:\/\/nacanyogaandwellness.com\/es\/wp-json\/wp\/v2\/pages\/1395\/revisions"}],"predecessor-version":[{"id":4286,"href":"https:\/\/nacanyogaandwellness.com\/es\/wp-json\/wp\/v2\/pages\/1395\/revisions\/4286"}],"wp:attachment":[{"href":"https:\/\/nacanyogaandwellness.com\/es\/wp-json\/wp\/v2\/media?parent=1395"}],"curies":[{"name":"wp","href":"https:\/\/api.w.org\/{rel}","templated":true}]}}